{"id":15174,"date":"2023-11-04T01:26:58","date_gmt":"2023-11-04T00:26:58","guid":{"rendered":"http:\/\/innocentiemangonipiante.it\/kerria-japonica\/"},"modified":"2023-11-06T18:52:10","modified_gmt":"2023-11-06T17:52:10","slug":"kerria-japonica","status":"publish","type":"product","link":"https:\/\/innocentiemangonipiante.it\/de\/kerria-japonica\/","title":{"rendered":"KERRIA japonica"},"content":{"rendered":"<p>Sommergr\u00fcner Strauch mit eif\u00f6rmigen, spitzen, gez\u00e4hnten und gl\u00e4nzend gr\u00fcnen Bl\u00e4ttern. Mitte Fr\u00fchjahr gelbe Bl\u00fcten.<\/p>\n","protected":false},"excerpt":{"rendered":"<p>Sommergr\u00fcner Strauch mit eif\u00f6rmigen, spitzen, gez\u00e4hnten und gl\u00e4nzend gr\u00fcnen Bl\u00e4ttern. Mitte Fr\u00fchjahr gelbe Bl\u00fcten.<\/p>\n","protected":false},"featured_media":3363,"template":"","meta":{"_acf_changed":false},"product_brand":[],"product_cat":[8813],"product_tag":[10898],"class_list":{"0":"post-15174","1":"product","2":"type-product","3":"status-publish","4":"has-post-thumbnail","6":"product_cat-laubbaume-und-straucher","7":"product_tag-naturlichen","8":"pa_altezza-massima-200-de","9":"pa_altezza-massima-300-de","10":"pa_colore-fioritura-gelbe","11":"pa_condizionamento-clt-de","12":"pa_famiglia-rosaceae-de","13":"pa_genere-kerria-de","14":"pa_origine-ostasien","15":"pa_periodo-fioritura-april-de","16":"pa_periodo-fioritura-mai-de","17":"pa_portamento-cespuglioso-de","18":"pa_resistenza-climatica-sehr-hoch","19":"pa_salinita-bestaendigkeit-in-meeresluft","20":"pa_utilizzo-balkone","21":"pa_utilizzo-kleine-gaerten","23":"first","24":"instock","25":"purchasable","26":"product-type-simple"},"acf":[],"_links":{"self":[{"href":"https:\/\/innocentiemangonipiante.it\/de\/wp-json\/wp\/v2\/product\/15174","targetHints":{"allow":["GET"]}}],"collection":[{"href":"https:\/\/innocentiemangonipiante.it\/de\/wp-json\/wp\/v2\/product"}],"about":[{"href":"https:\/\/innocentiemangonipiante.it\/de\/wp-json\/wp\/v2\/types\/product"}],"wp:featuredmedia":[{"embeddable":true,"href":"https:\/\/innocentiemangonipiante.it\/de\/wp-json\/wp\/v2\/media\/3363"}],"wp:attachment":[{"href":"https:\/\/innocentiemangonipiante.it\/de\/wp-json\/wp\/v2\/media?parent=15174"}],"wp:term":[{"taxonomy":"product_brand","embeddable":true,"href":"https:\/\/innocentiemangonipiante.it\/de\/wp-json\/wp\/v2\/product_brand?post=15174"},{"taxonomy":"product_cat","embeddable":true,"href":"https:\/\/innocentiemangonipiante.it\/de\/wp-json\/wp\/v2\/product_cat?post=15174"},{"taxonomy":"product_tag","embeddable":true,"href":"https:\/\/innocentiemangonipiante.it\/de\/wp-json\/wp\/v2\/product_tag?post=15174"}],"curies":[{"name":"wp","href":"https:\/\/api.w.org\/{rel}","templated":true}]}}