{"id":15177,"date":"2023-11-04T01:27:36","date_gmt":"2023-11-04T00:27:36","guid":{"rendered":"http:\/\/innocentiemangonipiante.it\/koelreuteria-paniculata\/"},"modified":"2023-11-06T18:52:26","modified_gmt":"2023-11-06T17:52:26","slug":"koelreuteria-paniculata","status":"publish","type":"product","link":"https:\/\/innocentiemangonipiante.it\/de\/koelreuteria-paniculata\/","title":{"rendered":"KOELREUTERIA paniculata"},"content":{"rendered":"<p>Sommergr\u00fcner Baum mit gr\u00fcnen 45 cm langen Fiederbl\u00e4ttern, die aus 7-15 kleinen Bl\u00e4ttern bestehen. Mitte Sommer sprie\u00dfen Rispen mit gelben Bl\u00fcten, aus denen rosa und rote Fr\u00fcchte hervorgehen.<\/p>\n","protected":false},"excerpt":{"rendered":"<p>Sommergr\u00fcner Baum mit gr\u00fcnen 45 cm langen Fiederbl\u00e4ttern, die aus 7-15 kleinen Bl\u00e4ttern bestehen. Mitte Sommer sprie\u00dfen Rispen mit gelben Bl\u00fcten, aus denen rosa und rote Fr\u00fcchte hervorgehen.<\/p>\n","protected":false},"featured_media":3374,"template":"","meta":{"_acf_changed":false},"product_brand":[],"product_cat":[8813,9231],"product_tag":[10898,8401,8597],"class_list":{"0":"post-15177","1":"product","2":"type-product","3":"status-publish","4":"has-post-thumbnail","6":"product_cat-laubbaume-und-straucher","7":"product_cat-baume-und-pflanzen-der-zukunft","8":"product_tag-naturlichen","9":"product_tag-hochstamm","10":"product_tag-multistamm","11":"pa_altezza-massima-800-de","12":"pa_altezza-massima-1000-de-2","13":"pa_colore-fioritura-gelbe","14":"pa_condizionamento-clt-de","15":"pa_condizionamento-jungplanzen","16":"pa_condizionamento-m-de","17":"pa_famiglia-sapindaceae-de","18":"pa_genere-koelreuteria-de","19":"pa_inquinamento-bestaendigkeit-gegen-smog","20":"pa_origine-ostasien","21":"pa_periodo-fioritura-august-de","22":"pa_periodo-fioritura-september-de","23":"pa_periodo-fruttificazione-oktober","24":"pa_portamento-arrotondato-de","25":"pa_resistenza-climatica-sehr-hoch","26":"pa_resistenza-del-suolo-bestandig-gegen-kalkhaltige-boden","27":"pa_resistenza-del-suolo-bestandig-gegen-trockene-boden","28":"pa_utilizzo-kleine-gaerten","29":"pa_utilizzo-parks-de","31":"first","32":"instock","33":"purchasable","34":"product-type-simple"},"acf":[],"_links":{"self":[{"href":"https:\/\/innocentiemangonipiante.it\/de\/wp-json\/wp\/v2\/product\/15177","targetHints":{"allow":["GET"]}}],"collection":[{"href":"https:\/\/innocentiemangonipiante.it\/de\/wp-json\/wp\/v2\/product"}],"about":[{"href":"https:\/\/innocentiemangonipiante.it\/de\/wp-json\/wp\/v2\/types\/product"}],"wp:featuredmedia":[{"embeddable":true,"href":"https:\/\/innocentiemangonipiante.it\/de\/wp-json\/wp\/v2\/media\/3374"}],"wp:attachment":[{"href":"https:\/\/innocentiemangonipiante.it\/de\/wp-json\/wp\/v2\/media?parent=15177"}],"wp:term":[{"taxonomy":"product_brand","embeddable":true,"href":"https:\/\/innocentiemangonipiante.it\/de\/wp-json\/wp\/v2\/product_brand?post=15177"},{"taxonomy":"product_cat","embeddable":true,"href":"https:\/\/innocentiemangonipiante.it\/de\/wp-json\/wp\/v2\/product_cat?post=15177"},{"taxonomy":"product_tag","embeddable":true,"href":"https:\/\/innocentiemangonipiante.it\/de\/wp-json\/wp\/v2\/product_tag?post=15177"}],"curies":[{"name":"wp","href":"https:\/\/api.w.org\/{rel}","templated":true}]}}