{"id":15178,"date":"2023-11-04T01:27:57","date_gmt":"2023-11-04T00:27:57","guid":{"rendered":"http:\/\/innocentiemangonipiante.it\/kolkwitzia-amabilis-pink-cloud\/"},"modified":"2023-11-06T18:52:40","modified_gmt":"2023-11-06T17:52:40","slug":"kolkwitzia-amabilis-pink-cloud","status":"publish","type":"product","link":"https:\/\/innocentiemangonipiante.it\/de\/kolkwitzia-amabilis-pink-cloud\/","title":{"rendered":"KOLKWITZIA amabilis &#8218;Pink Cloud&#8216;"},"content":{"rendered":"<p>Sommergr\u00fcner Strauch mit eif\u00f6rmigen dunkelgr\u00fcnen Bl\u00e4ttern. Mitte Fr\u00fchling produziert es grosse Mengen an gl\u00f6ckchenf\u00f6rmigen rosafarbigen Bl\u00fcten mit gelbem Herz.<\/p>\n","protected":false},"excerpt":{"rendered":"<p>Sommergr\u00fcner Strauch mit eif\u00f6rmigen dunkelgr\u00fcnen Bl\u00e4ttern. Mitte Fr\u00fchling produziert es grosse Mengen an gl\u00f6ckchenf\u00f6rmigen rosafarbigen Bl\u00fcten mit gelbem Herz.<\/p>\n","protected":false},"featured_media":3387,"template":"","meta":{"_acf_changed":false},"product_brand":[],"product_cat":[8813],"product_tag":[10898],"class_list":{"0":"post-15178","1":"product","2":"type-product","3":"status-publish","4":"has-post-thumbnail","6":"product_cat-laubbaume-und-straucher","7":"product_tag-naturlichen","8":"pa_altezza-massima-200-de","9":"pa_altezza-massima-300-de","10":"pa_colore-fioritura-rose-de","11":"pa_condizionamento-clt-de","12":"pa_famiglia-caprifoliaceae-de","13":"pa_genere-kolkwitzia-de","14":"pa_origine-ostasien","15":"pa_periodo-fioritura-april-de","16":"pa_periodo-fioritura-mai-de","17":"pa_portamento-cespuglioso-de","18":"pa_resistenza-climatica-mittel-hoch","19":"pa_resistenza-del-suolo-bestandig-gegen-kalkhaltige-boden","20":"pa_resistenza-del-suolo-bestandig-gegen-trockene-boden","21":"pa_salinita-bestaendigkeit-in-meeresluft","22":"pa_utilizzo-balkone","23":"pa_utilizzo-hecken","24":"pa_utilizzo-kleine-gaerten","26":"first","27":"instock","28":"purchasable","29":"product-type-simple"},"acf":[],"_links":{"self":[{"href":"https:\/\/innocentiemangonipiante.it\/de\/wp-json\/wp\/v2\/product\/15178","targetHints":{"allow":["GET"]}}],"collection":[{"href":"https:\/\/innocentiemangonipiante.it\/de\/wp-json\/wp\/v2\/product"}],"about":[{"href":"https:\/\/innocentiemangonipiante.it\/de\/wp-json\/wp\/v2\/types\/product"}],"wp:featuredmedia":[{"embeddable":true,"href":"https:\/\/innocentiemangonipiante.it\/de\/wp-json\/wp\/v2\/media\/3387"}],"wp:attachment":[{"href":"https:\/\/innocentiemangonipiante.it\/de\/wp-json\/wp\/v2\/media?parent=15178"}],"wp:term":[{"taxonomy":"product_brand","embeddable":true,"href":"https:\/\/innocentiemangonipiante.it\/de\/wp-json\/wp\/v2\/product_brand?post=15178"},{"taxonomy":"product_cat","embeddable":true,"href":"https:\/\/innocentiemangonipiante.it\/de\/wp-json\/wp\/v2\/product_cat?post=15178"},{"taxonomy":"product_tag","embeddable":true,"href":"https:\/\/innocentiemangonipiante.it\/de\/wp-json\/wp\/v2\/product_tag?post=15178"}],"curies":[{"name":"wp","href":"https:\/\/api.w.org\/{rel}","templated":true}]}}