{"id":15182,"date":"2023-11-04T01:28:10","date_gmt":"2023-11-04T00:28:10","guid":{"rendered":"http:\/\/innocentiemangonipiante.it\/laburnum-anagyroides\/"},"modified":"2023-11-06T18:52:46","modified_gmt":"2023-11-06T17:52:46","slug":"laburnum-anagyroides","status":"publish","type":"product","link":"https:\/\/innocentiemangonipiante.it\/de\/laburnum-anagyroides\/","title":{"rendered":"LABURNUM anagyroides"},"content":{"rendered":"<p>\u201cGemeiner Goldregen\u201d. Baum mit jungen grau-gr\u00fcnen Trieben. Die Bl\u00e4tter sind dunkelgr\u00fcn und bestehen aus 3 kleinen Bl\u00e4ttern. Die bis 30 cm langen Bl\u00fcten sind gelb und sprie\u00dfen Anfang Sommer.<\/p>\n","protected":false},"excerpt":{"rendered":"<p>\u201cGemeiner Goldregen\u201d. Baum mit jungen grau-gr\u00fcnen Trieben. Die Bl\u00e4tter sind dunkelgr\u00fcn und bestehen aus 3 kleinen Bl\u00e4ttern. Die bis 30 cm langen Bl\u00fcten sind gelb und sprie\u00dfen Anfang Sommer.<\/p>\n","protected":false},"featured_media":3447,"template":"","meta":{"_acf_changed":false},"product_brand":[],"product_cat":[8813],"product_tag":[10898,8565,8401],"class_list":{"0":"post-15182","1":"product","2":"type-product","3":"status-publish","4":"has-post-thumbnail","6":"product_cat-laubbaume-und-straucher","7":"product_tag-naturlichen","8":"product_tag-halbstamm","9":"product_tag-hochstamm","10":"pa_altezza-massima-500-de","11":"pa_altezza-massima-800-de","12":"pa_colore-fioritura-gelbe","13":"pa_condizionamento-clt-de","14":"pa_famiglia-leguminosae-de","15":"pa_genere-laburnum-de","16":"pa_inquinamento-bestaendigkeit-gegen-smog","17":"pa_origine-europaischen-mittelmeeres","18":"pa_periodo-fioritura-juni","19":"pa_portamento-eretto-de","20":"pa_resistenza-climatica-sehr-hoch","21":"pa_resistenza-del-suolo-bestandig-gegen-kalkhaltige-boden","22":"pa_resistenza-del-suolo-bestandig-gegen-trockene-boden","23":"pa_utilizzo-kleine-gaerten","24":"pa_utilizzo-parks-de","26":"first","27":"instock","28":"purchasable","29":"product-type-simple"},"acf":[],"_links":{"self":[{"href":"https:\/\/innocentiemangonipiante.it\/de\/wp-json\/wp\/v2\/product\/15182","targetHints":{"allow":["GET"]}}],"collection":[{"href":"https:\/\/innocentiemangonipiante.it\/de\/wp-json\/wp\/v2\/product"}],"about":[{"href":"https:\/\/innocentiemangonipiante.it\/de\/wp-json\/wp\/v2\/types\/product"}],"wp:featuredmedia":[{"embeddable":true,"href":"https:\/\/innocentiemangonipiante.it\/de\/wp-json\/wp\/v2\/media\/3447"}],"wp:attachment":[{"href":"https:\/\/innocentiemangonipiante.it\/de\/wp-json\/wp\/v2\/media?parent=15182"}],"wp:term":[{"taxonomy":"product_brand","embeddable":true,"href":"https:\/\/innocentiemangonipiante.it\/de\/wp-json\/wp\/v2\/product_brand?post=15182"},{"taxonomy":"product_cat","embeddable":true,"href":"https:\/\/innocentiemangonipiante.it\/de\/wp-json\/wp\/v2\/product_cat?post=15182"},{"taxonomy":"product_tag","embeddable":true,"href":"https:\/\/innocentiemangonipiante.it\/de\/wp-json\/wp\/v2\/product_tag?post=15182"}],"curies":[{"name":"wp","href":"https:\/\/api.w.org\/{rel}","templated":true}]}}