{"id":15185,"date":"2023-11-04T01:32:12","date_gmt":"2023-11-04T00:32:12","guid":{"rendered":"http:\/\/innocentiemangonipiante.it\/lagerstroemia-indica-red-rocket\/"},"modified":"2023-11-06T18:55:11","modified_gmt":"2023-11-06T17:55:11","slug":"lagerstroemia-indica-red-rocket","status":"publish","type":"product","link":"https:\/\/innocentiemangonipiante.it\/de\/lagerstroemia-indica-red-rocket\/","title":{"rendered":"LAGERSTROEMIA indica &#8218;Red Rocket&#8216;"},"content":{"rendered":"<p>Dunkelgr\u00fcne Bl\u00e4tter, die sich im Herbst rot f\u00e4rben. Im Sp\u00e4tsommer bl\u00fchen lange Rispen aus hellrosa Bl\u00fcten.<\/p>\n","protected":false},"excerpt":{"rendered":"<p>Dunkelgr\u00fcne Bl\u00e4tter, die sich im Herbst rot f\u00e4rben. Im Sp\u00e4tsommer bl\u00fchen lange Rispen aus hellrosa Bl\u00fcten.<\/p>\n","protected":false},"featured_media":3549,"template":"","meta":{"_acf_changed":false},"product_brand":[],"product_cat":[8813,9231],"product_tag":[10898],"class_list":{"0":"post-15185","1":"product","2":"type-product","3":"status-publish","4":"has-post-thumbnail","6":"product_cat-laubbaume-und-straucher","7":"product_cat-baume-und-pflanzen-der-zukunft","8":"product_tag-naturlichen","9":"pa_altezza-massima-300-de","10":"pa_altezza-massima-400-de","11":"pa_colore-fioritura-rot","12":"pa_famiglia-lythraceae-de-2","13":"pa_genere-lagerstroemia-de","14":"pa_origine-u-s-a","15":"pa_periodo-fioritura-august-de","16":"pa_periodo-fioritura-juli","17":"pa_portamento-eretto-de","18":"pa_resistenza-climatica-mittel-hoch","19":"pa_salinita-bestaendigkeit-in-meeresluft","20":"pa_utilizzo-kleine-gaerten","22":"first","23":"instock","24":"purchasable","25":"product-type-simple"},"acf":[],"_links":{"self":[{"href":"https:\/\/innocentiemangonipiante.it\/de\/wp-json\/wp\/v2\/product\/15185","targetHints":{"allow":["GET"]}}],"collection":[{"href":"https:\/\/innocentiemangonipiante.it\/de\/wp-json\/wp\/v2\/product"}],"about":[{"href":"https:\/\/innocentiemangonipiante.it\/de\/wp-json\/wp\/v2\/types\/product"}],"wp:featuredmedia":[{"embeddable":true,"href":"https:\/\/innocentiemangonipiante.it\/de\/wp-json\/wp\/v2\/media\/3549"}],"wp:attachment":[{"href":"https:\/\/innocentiemangonipiante.it\/de\/wp-json\/wp\/v2\/media?parent=15185"}],"wp:term":[{"taxonomy":"product_brand","embeddable":true,"href":"https:\/\/innocentiemangonipiante.it\/de\/wp-json\/wp\/v2\/product_brand?post=15185"},{"taxonomy":"product_cat","embeddable":true,"href":"https:\/\/innocentiemangonipiante.it\/de\/wp-json\/wp\/v2\/product_cat?post=15185"},{"taxonomy":"product_tag","embeddable":true,"href":"https:\/\/innocentiemangonipiante.it\/de\/wp-json\/wp\/v2\/product_tag?post=15185"}],"curies":[{"name":"wp","href":"https:\/\/api.w.org\/{rel}","templated":true}]}}