{"id":15186,"date":"2023-11-04T01:32:18","date_gmt":"2023-11-04T00:32:18","guid":{"rendered":"http:\/\/innocentiemangonipiante.it\/lagerstroemia-indica-rhapsody-in-pink\/"},"modified":"2023-11-06T18:55:15","modified_gmt":"2023-11-06T17:55:15","slug":"lagerstroemia-indica-rhapsody-in-pink","status":"publish","type":"product","link":"https:\/\/innocentiemangonipiante.it\/de\/lagerstroemia-indica-rhapsody-in-pink\/","title":{"rendered":"LAGERSTROEMIA indica &#8218;Rhapsody in Pink&#8216;"},"content":{"rendered":"<p>Dunkelgr\u00fcnes, r\u00f6tliches Laub in jungen Jahren und bronzerot im Herbst. Reichlich karminrote Sommerbl\u00fcte.<\/p>\n","protected":false},"excerpt":{"rendered":"<p>Dunkelgr\u00fcnes, r\u00f6tliches Laub in jungen Jahren und bronzerot im Herbst. Reichlich karminrote Sommerbl\u00fcte.<\/p>\n","protected":false},"featured_media":3555,"template":"","meta":{"_acf_changed":false},"product_brand":[],"product_cat":[8813,9231],"product_tag":[10898],"class_list":{"0":"post-15186","1":"product","2":"type-product","3":"status-publish","4":"has-post-thumbnail","6":"product_cat-laubbaume-und-straucher","7":"product_cat-baume-und-pflanzen-der-zukunft","8":"product_tag-naturlichen","9":"pa_altezza-massima-120-de","10":"pa_altezza-massima-150-de","11":"pa_colore-fioritura-rose-de","12":"pa_famiglia-lythraceae-de-2","13":"pa_genere-lagerstroemia-de","14":"pa_origine-u-s-a","15":"pa_periodo-fioritura-august-de","16":"pa_periodo-fioritura-juli","17":"pa_portamento-eretto-de","18":"pa_resistenza-climatica-mittel","19":"pa_salinita-bestaendigkeit-in-meeresluft","20":"pa_utilizzo-kleine-gaerten","22":"first","23":"instock","24":"purchasable","25":"product-type-simple"},"acf":[],"_links":{"self":[{"href":"https:\/\/innocentiemangonipiante.it\/de\/wp-json\/wp\/v2\/product\/15186","targetHints":{"allow":["GET"]}}],"collection":[{"href":"https:\/\/innocentiemangonipiante.it\/de\/wp-json\/wp\/v2\/product"}],"about":[{"href":"https:\/\/innocentiemangonipiante.it\/de\/wp-json\/wp\/v2\/types\/product"}],"wp:featuredmedia":[{"embeddable":true,"href":"https:\/\/innocentiemangonipiante.it\/de\/wp-json\/wp\/v2\/media\/3555"}],"wp:attachment":[{"href":"https:\/\/innocentiemangonipiante.it\/de\/wp-json\/wp\/v2\/media?parent=15186"}],"wp:term":[{"taxonomy":"product_brand","embeddable":true,"href":"https:\/\/innocentiemangonipiante.it\/de\/wp-json\/wp\/v2\/product_brand?post=15186"},{"taxonomy":"product_cat","embeddable":true,"href":"https:\/\/innocentiemangonipiante.it\/de\/wp-json\/wp\/v2\/product_cat?post=15186"},{"taxonomy":"product_tag","embeddable":true,"href":"https:\/\/innocentiemangonipiante.it\/de\/wp-json\/wp\/v2\/product_tag?post=15186"}],"curies":[{"name":"wp","href":"https:\/\/api.w.org\/{rel}","templated":true}]}}