{"id":15188,"date":"2023-11-04T01:31:03","date_gmt":"2023-11-04T00:31:03","guid":{"rendered":"http:\/\/innocentiemangonipiante.it\/lagerstroemia-indica-la-fayette\/"},"modified":"2023-11-06T18:54:36","modified_gmt":"2023-11-06T17:54:36","slug":"lagerstroemia-indica-la-fayette","status":"publish","type":"product","link":"https:\/\/innocentiemangonipiante.it\/de\/lagerstroemia-indica-la-fayette\/","title":{"rendered":"LAGERSTROEMIA indica &#8218;La Fayette&#8216;"},"content":{"rendered":"<p>Dunkelgr\u00fcnes Laub. Wei\u00dfe Bl\u00fcte mit Lavendelreflexen.<\/p>\n","protected":false},"excerpt":{"rendered":"<p>Dunkelgr\u00fcnes Laub. Wei\u00dfe Bl\u00fcte mit Lavendelreflexen.<\/p>\n","protected":false},"featured_media":3522,"template":"","meta":{"_acf_changed":false},"product_brand":[],"product_cat":[8813,9231],"product_tag":[10898,8565],"class_list":{"0":"post-15188","1":"product","2":"type-product","3":"status-publish","4":"has-post-thumbnail","6":"product_cat-laubbaume-und-straucher","7":"product_cat-baume-und-pflanzen-der-zukunft","8":"product_tag-naturlichen","9":"product_tag-halbstamm","10":"pa_altezza-massima-150-de","11":"pa_altezza-massima-200-de","12":"pa_arte-topiaria-verfuegbar-formgehoelze","13":"pa_colore-fioritura-weis","14":"pa_condizionamento-clt-de","15":"pa_condizionamento-viereckigertops","16":"pa_famiglia-lythraceae-de-2","17":"pa_genere-lagerstroemia-de","18":"pa_origine-u-s-a","19":"pa_periodo-fioritura-august-de","20":"pa_periodo-fioritura-juli","21":"pa_periodo-fioritura-september-de","22":"pa_portamento-eretto-de","23":"pa_resistenza-climatica-mittel-hoch","24":"pa_salinita-bestaendigkeit-in-meeresluft","25":"pa_utilizzo-kleine-gaerten","27":"first","28":"instock","29":"purchasable","30":"product-type-simple"},"acf":[],"_links":{"self":[{"href":"https:\/\/innocentiemangonipiante.it\/de\/wp-json\/wp\/v2\/product\/15188","targetHints":{"allow":["GET"]}}],"collection":[{"href":"https:\/\/innocentiemangonipiante.it\/de\/wp-json\/wp\/v2\/product"}],"about":[{"href":"https:\/\/innocentiemangonipiante.it\/de\/wp-json\/wp\/v2\/types\/product"}],"wp:featuredmedia":[{"embeddable":true,"href":"https:\/\/innocentiemangonipiante.it\/de\/wp-json\/wp\/v2\/media\/3522"}],"wp:attachment":[{"href":"https:\/\/innocentiemangonipiante.it\/de\/wp-json\/wp\/v2\/media?parent=15188"}],"wp:term":[{"taxonomy":"product_brand","embeddable":true,"href":"https:\/\/innocentiemangonipiante.it\/de\/wp-json\/wp\/v2\/product_brand?post=15188"},{"taxonomy":"product_cat","embeddable":true,"href":"https:\/\/innocentiemangonipiante.it\/de\/wp-json\/wp\/v2\/product_cat?post=15188"},{"taxonomy":"product_tag","embeddable":true,"href":"https:\/\/innocentiemangonipiante.it\/de\/wp-json\/wp\/v2\/product_tag?post=15188"}],"curies":[{"name":"wp","href":"https:\/\/api.w.org\/{rel}","templated":true}]}}