{"id":15189,"date":"2023-11-04T01:30:15","date_gmt":"2023-11-04T00:30:15","guid":{"rendered":"http:\/\/innocentiemangonipiante.it\/lagerstroemia-indica-double-feature\/"},"modified":"2023-11-06T18:54:11","modified_gmt":"2023-11-06T17:54:11","slug":"lagerstroemia-indica-double-feature","status":"publish","type":"product","link":"https:\/\/innocentiemangonipiante.it\/de\/lagerstroemia-indica-double-feature\/","title":{"rendered":"LAGERSTROEMIA indica &#8218;Double Feature&#8216; \u00ae"},"content":{"rendered":"<p>Dunkelgr\u00fcne, gl\u00e4nzende Bl\u00e4tter. Sommerbl\u00fcte mit Trauben von rubinroten Bl\u00fcten.<\/p>\n","protected":false},"excerpt":{"rendered":"<p>Dunkelgr\u00fcne, gl\u00e4nzende Bl\u00e4tter. Sommerbl\u00fcte mit Trauben von rubinroten Bl\u00fcten.<\/p>\n","protected":false},"featured_media":3515,"template":"","meta":{"_acf_changed":false},"product_brand":[],"product_cat":[8813,9231],"product_tag":[10898,8565],"class_list":{"0":"post-15189","1":"product","2":"type-product","3":"status-publish","4":"has-post-thumbnail","6":"product_cat-laubbaume-und-straucher","7":"product_cat-baume-und-pflanzen-der-zukunft","8":"product_tag-naturlichen","9":"product_tag-halbstamm","10":"pa_altezza-massima-150-de","11":"pa_altezza-massima-200-de","12":"pa_arte-topiaria-verfuegbar-formgehoelze","13":"pa_colore-fioritura-rot","14":"pa_condizionamento-clt-de","15":"pa_condizionamento-viereckigertops","16":"pa_famiglia-lythraceae-de-2","17":"pa_genere-lagerstroemia-de","18":"pa_origine-u-s-a","19":"pa_periodo-fioritura-august-de","20":"pa_periodo-fioritura-juli","21":"pa_periodo-fioritura-oktober","22":"pa_periodo-fioritura-september-de","23":"pa_portamento-eretto-de","24":"pa_resistenza-climatica-mittel","25":"pa_salinita-bestaendigkeit-in-meeresluft","26":"pa_utilizzo-kleine-gaerten","28":"first","29":"instock","30":"purchasable","31":"product-type-simple"},"acf":[],"_links":{"self":[{"href":"https:\/\/innocentiemangonipiante.it\/de\/wp-json\/wp\/v2\/product\/15189","targetHints":{"allow":["GET"]}}],"collection":[{"href":"https:\/\/innocentiemangonipiante.it\/de\/wp-json\/wp\/v2\/product"}],"about":[{"href":"https:\/\/innocentiemangonipiante.it\/de\/wp-json\/wp\/v2\/types\/product"}],"wp:featuredmedia":[{"embeddable":true,"href":"https:\/\/innocentiemangonipiante.it\/de\/wp-json\/wp\/v2\/media\/3515"}],"wp:attachment":[{"href":"https:\/\/innocentiemangonipiante.it\/de\/wp-json\/wp\/v2\/media?parent=15189"}],"wp:term":[{"taxonomy":"product_brand","embeddable":true,"href":"https:\/\/innocentiemangonipiante.it\/de\/wp-json\/wp\/v2\/product_brand?post=15189"},{"taxonomy":"product_cat","embeddable":true,"href":"https:\/\/innocentiemangonipiante.it\/de\/wp-json\/wp\/v2\/product_cat?post=15189"},{"taxonomy":"product_tag","embeddable":true,"href":"https:\/\/innocentiemangonipiante.it\/de\/wp-json\/wp\/v2\/product_tag?post=15189"}],"curies":[{"name":"wp","href":"https:\/\/api.w.org\/{rel}","templated":true}]}}