{"id":15198,"date":"2023-11-04T01:28:43","date_gmt":"2023-11-04T00:28:43","guid":{"rendered":"http:\/\/innocentiemangonipiante.it\/lagerstroemia-indica-berry-dazzle\/"},"modified":"2023-11-06T18:53:03","modified_gmt":"2023-11-06T17:53:03","slug":"lagerstroemia-indica-berry-dazzle","status":"publish","type":"product","link":"https:\/\/innocentiemangonipiante.it\/de\/lagerstroemia-indica-berry-dazzle\/","title":{"rendered":"LAGERSTROEMIA indica &#8218;Berry Dazzle&#8216; \u00ae"},"content":{"rendered":"<p>Kompakte Sorte mit gro\u00dfen lila-fuchsiafarbenen Bl\u00fcten und dunkelgr\u00fcnem Laub.<\/p>\n","protected":false},"excerpt":{"rendered":"<p>Kompakte Sorte mit gro\u00dfen lila-fuchsiafarbenen Bl\u00fcten und dunkelgr\u00fcnem Laub.<\/p>\n","protected":false},"featured_media":3460,"template":"","meta":{"_acf_changed":false},"product_brand":[],"product_cat":[8813,9231],"product_tag":[10898,8565],"class_list":{"0":"post-15198","1":"product","2":"type-product","3":"status-publish","4":"has-post-thumbnail","6":"product_cat-laubbaume-und-straucher","7":"product_cat-baume-und-pflanzen-der-zukunft","8":"product_tag-naturlichen","9":"product_tag-halbstamm","10":"pa_altezza-massima-0_90-meter","11":"pa_altezza-massima-120-de","12":"pa_arte-topiaria-verfuegbar-formgehoelze","13":"pa_colore-fioritura-violett","14":"pa_condizionamento-clt-de","15":"pa_condizionamento-viereckigertops","16":"pa_famiglia-lythraceae-de-2","17":"pa_genere-lagerstroemia-de","18":"pa_origine-u-s-a","19":"pa_periodo-fioritura-august-de","20":"pa_periodo-fioritura-juli","21":"pa_periodo-fioritura-juni","22":"pa_periodo-fioritura-september-de","23":"pa_portamento-arrotondato-de","24":"pa_resistenza-climatica-mittel","25":"pa_utilizzo-kleine-gaerten","27":"first","28":"instock","29":"purchasable","30":"product-type-simple"},"acf":[],"_links":{"self":[{"href":"https:\/\/innocentiemangonipiante.it\/de\/wp-json\/wp\/v2\/product\/15198","targetHints":{"allow":["GET"]}}],"collection":[{"href":"https:\/\/innocentiemangonipiante.it\/de\/wp-json\/wp\/v2\/product"}],"about":[{"href":"https:\/\/innocentiemangonipiante.it\/de\/wp-json\/wp\/v2\/types\/product"}],"wp:featuredmedia":[{"embeddable":true,"href":"https:\/\/innocentiemangonipiante.it\/de\/wp-json\/wp\/v2\/media\/3460"}],"wp:attachment":[{"href":"https:\/\/innocentiemangonipiante.it\/de\/wp-json\/wp\/v2\/media?parent=15198"}],"wp:term":[{"taxonomy":"product_brand","embeddable":true,"href":"https:\/\/innocentiemangonipiante.it\/de\/wp-json\/wp\/v2\/product_brand?post=15198"},{"taxonomy":"product_cat","embeddable":true,"href":"https:\/\/innocentiemangonipiante.it\/de\/wp-json\/wp\/v2\/product_cat?post=15198"},{"taxonomy":"product_tag","embeddable":true,"href":"https:\/\/innocentiemangonipiante.it\/de\/wp-json\/wp\/v2\/product_tag?post=15198"}],"curies":[{"name":"wp","href":"https:\/\/api.w.org\/{rel}","templated":true}]}}