{"id":15215,"date":"2023-11-04T01:34:12","date_gmt":"2023-11-04T00:34:12","guid":{"rendered":"http:\/\/innocentiemangonipiante.it\/lagerstroemia-x-dynamite\/"},"modified":"2023-11-06T18:56:38","modified_gmt":"2023-11-06T17:56:38","slug":"lagerstroemia-x-dynamite","status":"publish","type":"product","link":"https:\/\/innocentiemangonipiante.it\/de\/lagerstroemia-x-dynamite\/","title":{"rendered":"LAGERSTROEMIA x &#8218;Dynamite&#8216;"},"content":{"rendered":"<p>Aufrechter Wuchs. Die neuen Triebe sind crimson-farbig, dann gr\u00fcn. Sch\u00f6ne kirschrote Bl\u00fcte.<\/p>\n","protected":false},"excerpt":{"rendered":"<p>Aufrechter Wuchs. Die neuen Triebe sind crimson-farbig, dann gr\u00fcn. Sch\u00f6ne kirschrote Bl\u00fcte.<\/p>\n","protected":false},"featured_media":3611,"template":"","meta":{"_acf_changed":false},"product_brand":[],"product_cat":[8813],"product_tag":[10898,8565,8401],"class_list":{"0":"post-15215","1":"product","2":"type-product","3":"status-publish","4":"has-post-thumbnail","6":"product_cat-laubbaume-und-straucher","7":"product_tag-naturlichen","8":"product_tag-halbstamm","9":"product_tag-hochstamm","10":"pa_altezza-massima-300-de","11":"pa_altezza-massima-500-de","12":"pa_colore-fioritura-rot","13":"pa_condizionamento-clt-de","14":"pa_condizionamento-jungplanzen","15":"pa_condizionamento-viereckigertops","16":"pa_famiglia-lythraceae-de-2","17":"pa_genere-lagerstroemia-de","18":"pa_origine-u-s-a","19":"pa_periodo-fioritura-august-de","20":"pa_periodo-fioritura-juli","21":"pa_periodo-fioritura-juni","22":"pa_portamento-eretto-de","23":"pa_resistenza-climatica-mittel","24":"pa_resistenza-del-suolo-bestandig-gegen-trockene-boden","25":"pa_salinita-bestaendigkeit-in-meeresluft","26":"pa_utilizzo-kleine-gaerten","28":"first","29":"instock","30":"purchasable","31":"product-type-simple"},"acf":[],"_links":{"self":[{"href":"https:\/\/innocentiemangonipiante.it\/de\/wp-json\/wp\/v2\/product\/15215","targetHints":{"allow":["GET"]}}],"collection":[{"href":"https:\/\/innocentiemangonipiante.it\/de\/wp-json\/wp\/v2\/product"}],"about":[{"href":"https:\/\/innocentiemangonipiante.it\/de\/wp-json\/wp\/v2\/types\/product"}],"wp:featuredmedia":[{"embeddable":true,"href":"https:\/\/innocentiemangonipiante.it\/de\/wp-json\/wp\/v2\/media\/3611"}],"wp:attachment":[{"href":"https:\/\/innocentiemangonipiante.it\/de\/wp-json\/wp\/v2\/media?parent=15215"}],"wp:term":[{"taxonomy":"product_brand","embeddable":true,"href":"https:\/\/innocentiemangonipiante.it\/de\/wp-json\/wp\/v2\/product_brand?post=15215"},{"taxonomy":"product_cat","embeddable":true,"href":"https:\/\/innocentiemangonipiante.it\/de\/wp-json\/wp\/v2\/product_cat?post=15215"},{"taxonomy":"product_tag","embeddable":true,"href":"https:\/\/innocentiemangonipiante.it\/de\/wp-json\/wp\/v2\/product_tag?post=15215"}],"curies":[{"name":"wp","href":"https:\/\/api.w.org\/{rel}","templated":true}]}}