{"id":15218,"date":"2023-11-04T01:33:51","date_gmt":"2023-11-04T00:33:51","guid":{"rendered":"http:\/\/innocentiemangonipiante.it\/lagerstroemia-x-caroline-beauty\/"},"modified":"2023-11-06T18:56:28","modified_gmt":"2023-11-06T17:56:28","slug":"lagerstroemia-x-caroline-beauty","status":"publish","type":"product","link":"https:\/\/innocentiemangonipiante.it\/de\/lagerstroemia-x-caroline-beauty\/","title":{"rendered":"LAGERSTROEMIA x &#8218;Caroline Beauty&#8216;"},"content":{"rendered":"<p>Aufgerechte Erscheinung.Anfang Juli sprie\u00dfen zahlreiche rote Bl\u00fcten (Bl\u00fctezeit ca. 65 Tage) sch\u00f6ne orange Herbstf\u00e4rbung.<\/p>\n","protected":false},"excerpt":{"rendered":"<p>Aufgerechte Erscheinung.Anfang Juli sprie\u00dfen zahlreiche rote Bl\u00fcten (Bl\u00fctezeit ca. 65 Tage) sch\u00f6ne orange Herbstf\u00e4rbung.<\/p>\n","protected":false},"featured_media":47744,"template":"","meta":{"_acf_changed":false},"product_brand":[],"product_cat":[8813],"product_tag":[10898,8565,8401],"class_list":{"0":"post-15218","1":"product","2":"type-product","3":"status-publish","4":"has-post-thumbnail","6":"product_cat-laubbaume-und-straucher","7":"product_tag-naturlichen","8":"product_tag-halbstamm","9":"product_tag-hochstamm","10":"pa_altezza-massima-300-de","11":"pa_altezza-massima-500-de","12":"pa_colore-fioritura-rot","13":"pa_condizionamento-clt-de","14":"pa_condizionamento-jungplanzen","15":"pa_famiglia-lythraceae-de-2","16":"pa_genere-lagerstroemia-de","17":"pa_origine-u-s-a","18":"pa_periodo-fioritura-august-de","19":"pa_periodo-fioritura-juli","20":"pa_portamento-eretto-de","21":"pa_resistenza-climatica-mittel","22":"pa_resistenza-del-suolo-bestandig-gegen-trockene-boden","23":"pa_salinita-bestaendigkeit-in-meeresluft","24":"pa_utilizzo-kleine-gaerten","26":"first","27":"instock","28":"purchasable","29":"product-type-simple"},"acf":[],"_links":{"self":[{"href":"https:\/\/innocentiemangonipiante.it\/de\/wp-json\/wp\/v2\/product\/15218","targetHints":{"allow":["GET"]}}],"collection":[{"href":"https:\/\/innocentiemangonipiante.it\/de\/wp-json\/wp\/v2\/product"}],"about":[{"href":"https:\/\/innocentiemangonipiante.it\/de\/wp-json\/wp\/v2\/types\/product"}],"wp:featuredmedia":[{"embeddable":true,"href":"https:\/\/innocentiemangonipiante.it\/de\/wp-json\/wp\/v2\/media\/47744"}],"wp:attachment":[{"href":"https:\/\/innocentiemangonipiante.it\/de\/wp-json\/wp\/v2\/media?parent=15218"}],"wp:term":[{"taxonomy":"product_brand","embeddable":true,"href":"https:\/\/innocentiemangonipiante.it\/de\/wp-json\/wp\/v2\/product_brand?post=15218"},{"taxonomy":"product_cat","embeddable":true,"href":"https:\/\/innocentiemangonipiante.it\/de\/wp-json\/wp\/v2\/product_cat?post=15218"},{"taxonomy":"product_tag","embeddable":true,"href":"https:\/\/innocentiemangonipiante.it\/de\/wp-json\/wp\/v2\/product_tag?post=15218"}],"curies":[{"name":"wp","href":"https:\/\/api.w.org\/{rel}","templated":true}]}}