{"id":15221,"date":"2023-11-04T01:35:15","date_gmt":"2023-11-04T00:35:15","guid":{"rendered":"http:\/\/innocentiemangonipiante.it\/lantana-camara\/"},"modified":"2023-11-06T18:57:18","modified_gmt":"2023-11-06T17:57:18","slug":"lantana-camara","status":"publish","type":"product","link":"https:\/\/innocentiemangonipiante.it\/de\/lantana-camara\/","title":{"rendered":"LANTANA camara"},"content":{"rendered":"<p>Immergr\u00fcner Strauch mit mittelgr\u00fcnem Blattwerk. Vom Fr\u00fchling bis Sommerende tr\u00e4gt gelb-rot-orangene Infloreszenzen.<\/p>\n","protected":false},"excerpt":{"rendered":"<p>Immergr\u00fcner Strauch mit mittelgr\u00fcnem Blattwerk. Vom Fr\u00fchling bis Sommerende tr\u00e4gt gelb-rot-orangene Infloreszenzen.<\/p>\n","protected":false},"featured_media":3653,"template":"","meta":{"_acf_changed":false},"product_brand":[],"product_cat":[8816],"product_tag":[10898,8705],"class_list":{"0":"post-15221","1":"product","2":"type-product","3":"status-publish","4":"has-post-thumbnail","6":"product_cat-hartnaeckige-baeume-und-straeucher","7":"product_tag-naturlichen","8":"product_tag-kugel","9":"pa_altezza-massima-100-de","10":"pa_altezza-massima-150-de","11":"pa_arte-topiaria-verfuegbar-formgehoelze","12":"pa_colore-fioritura-gelbe","13":"pa_condizionamento-clt-de","14":"pa_famiglia-verbenaceae-de","15":"pa_genere-lantana-de","16":"pa_origine-sudamerika","17":"pa_periodo-fioritura-august-de","18":"pa_periodo-fioritura-juli","19":"pa_periodo-fioritura-juni","20":"pa_periodo-fioritura-september-de","21":"pa_portamento-arrotondato-de","22":"pa_profumo-intensiv","23":"pa_resistenza-climatica-sehr-niedrig","24":"pa_resistenza-del-suolo-bestandig-gegen-trockene-boden","25":"pa_salinita-bestaendigkeit-in-meeresluft","26":"pa_utilizzo-balkone","27":"pa_utilizzo-kleine-gaerten","29":"first","30":"instock","31":"purchasable","32":"product-type-simple"},"acf":[],"_links":{"self":[{"href":"https:\/\/innocentiemangonipiante.it\/de\/wp-json\/wp\/v2\/product\/15221","targetHints":{"allow":["GET"]}}],"collection":[{"href":"https:\/\/innocentiemangonipiante.it\/de\/wp-json\/wp\/v2\/product"}],"about":[{"href":"https:\/\/innocentiemangonipiante.it\/de\/wp-json\/wp\/v2\/types\/product"}],"wp:featuredmedia":[{"embeddable":true,"href":"https:\/\/innocentiemangonipiante.it\/de\/wp-json\/wp\/v2\/media\/3653"}],"wp:attachment":[{"href":"https:\/\/innocentiemangonipiante.it\/de\/wp-json\/wp\/v2\/media?parent=15221"}],"wp:term":[{"taxonomy":"product_brand","embeddable":true,"href":"https:\/\/innocentiemangonipiante.it\/de\/wp-json\/wp\/v2\/product_brand?post=15221"},{"taxonomy":"product_cat","embeddable":true,"href":"https:\/\/innocentiemangonipiante.it\/de\/wp-json\/wp\/v2\/product_cat?post=15221"},{"taxonomy":"product_tag","embeddable":true,"href":"https:\/\/innocentiemangonipiante.it\/de\/wp-json\/wp\/v2\/product_tag?post=15221"}],"curies":[{"name":"wp","href":"https:\/\/api.w.org\/{rel}","templated":true}]}}