{"id":15223,"date":"2023-11-04T01:35:49","date_gmt":"2023-11-04T00:35:49","guid":{"rendered":"http:\/\/innocentiemangonipiante.it\/laurus-nobilis\/"},"modified":"2023-11-06T18:57:54","modified_gmt":"2023-11-06T17:57:54","slug":"laurus-nobilis","status":"publish","type":"product","link":"https:\/\/innocentiemangonipiante.it\/de\/laurus-nobilis\/","title":{"rendered":"LAURUS nobilis"},"content":{"rendered":"<p>Immergr\u00fcner Baum oder Strauch mit aromatischen eif\u00f6rmigen Bl\u00e4ttern, die leuchtend gr\u00fcn sind. Im Fr\u00fchjahr sprie\u00dfen gelbe Bl\u00fcten, aus denen schwarze beerenf\u00f6rmige Fr\u00fcchte hervorgehen. Die Bl\u00e4tter werden viel in der K\u00fcche verwendet.<\/p>\n","protected":false},"excerpt":{"rendered":"<p>Immergr\u00fcner Baum oder Strauch mit aromatischen eif\u00f6rmigen Bl\u00e4ttern, die leuchtend gr\u00fcn sind. Im Fr\u00fchjahr sprie\u00dfen gelbe Bl\u00fcten, aus denen schwarze beerenf\u00f6rmige Fr\u00fcchte hervorgehen. Die Bl\u00e4tter werden viel in der K\u00fcche verwendet.<\/p>\n","protected":false},"featured_media":3667,"template":"","meta":{"_acf_changed":false},"product_brand":[],"product_cat":[8816,9231],"product_tag":[10898,8736,8565,8585,8401,8409,8405,8536,8705,8498],"class_list":{"0":"post-15223","1":"product","2":"type-product","3":"status-publish","4":"has-post-thumbnail","6":"product_cat-hartnaeckige-baeume-und-straeucher","7":"product_cat-baume-und-pflanzen-der-zukunft","8":"product_tag-naturlichen","9":"product_tag-fusstamm","10":"product_tag-halbstamm","11":"product_tag-halbstamm-spirale","12":"product_tag-hochstamm","13":"product_tag-hochstamm-kegel","14":"product_tag-hochstamm-zylinder","15":"product_tag-kegel","16":"product_tag-kugel","17":"product_tag-mehrstammig-mit-schirmformiger-krone","18":"pa_altezza-massima-800-de","19":"pa_altezza-massima-12-meter","20":"pa_colore-fioritura-gelbe","21":"pa_condizionamento-clt-de","22":"pa_condizionamento-jungplanzen","23":"pa_famiglia-lauraceae-de","24":"pa_genere-laurus-de","25":"pa_origine-europaischen-mittelmeeres","26":"pa_periodo-fioritura-april-de","27":"pa_periodo-fioritura-mai-de","28":"pa_periodo-fruttificazione-juni","29":"pa_portamento-conico-de","30":"pa_profumo-zart","31":"pa_resistenza-climatica-mittel","32":"pa_resistenza-del-suolo-bestandig-gegen-kalkhaltige-boden","33":"pa_resistenza-del-suolo-bestandig-gegen-trockene-boden","34":"pa_salinita-bestaendigkeit-in-meeresluft","35":"pa_utilizzo-hecken","36":"pa_utilizzo-kleine-gaerten","37":"pa_utilizzo-parks-de","39":"first","40":"instock","41":"purchasable","42":"product-type-simple"},"acf":[],"_links":{"self":[{"href":"https:\/\/innocentiemangonipiante.it\/de\/wp-json\/wp\/v2\/product\/15223","targetHints":{"allow":["GET"]}}],"collection":[{"href":"https:\/\/innocentiemangonipiante.it\/de\/wp-json\/wp\/v2\/product"}],"about":[{"href":"https:\/\/innocentiemangonipiante.it\/de\/wp-json\/wp\/v2\/types\/product"}],"wp:featuredmedia":[{"embeddable":true,"href":"https:\/\/innocentiemangonipiante.it\/de\/wp-json\/wp\/v2\/media\/3667"}],"wp:attachment":[{"href":"https:\/\/innocentiemangonipiante.it\/de\/wp-json\/wp\/v2\/media?parent=15223"}],"wp:term":[{"taxonomy":"product_brand","embeddable":true,"href":"https:\/\/innocentiemangonipiante.it\/de\/wp-json\/wp\/v2\/product_brand?post=15223"},{"taxonomy":"product_cat","embeddable":true,"href":"https:\/\/innocentiemangonipiante.it\/de\/wp-json\/wp\/v2\/product_cat?post=15223"},{"taxonomy":"product_tag","embeddable":true,"href":"https:\/\/innocentiemangonipiante.it\/de\/wp-json\/wp\/v2\/product_tag?post=15223"}],"curies":[{"name":"wp","href":"https:\/\/api.w.org\/{rel}","templated":true}]}}