{"id":15224,"date":"2023-11-04T01:36:23","date_gmt":"2023-11-04T00:36:23","guid":{"rendered":"http:\/\/innocentiemangonipiante.it\/lavandula-angustifolia\/"},"modified":"2023-11-06T18:58:33","modified_gmt":"2023-11-06T17:58:33","slug":"lavandula-angustifolia","status":"publish","type":"product","link":"https:\/\/innocentiemangonipiante.it\/de\/lavandula-angustifolia\/","title":{"rendered":"LAVANDULA angustifolia"},"content":{"rendered":"<p>Immergr\u00fcner kompakter Strauch mit grau-gr\u00fcnen linearischen Bl\u00e4ttern. Mitte oder Sp\u00e4tsommer sprie\u00dfen auf lange Stielen purpurfarbene aromatische \u00e4hrenf\u00f6rmige Bl\u00fcten.<\/p>\n","protected":false},"excerpt":{"rendered":"<p>Immergr\u00fcner kompakter Strauch mit grau-gr\u00fcnen linearischen Bl\u00e4ttern. Mitte oder Sp\u00e4tsommer sprie\u00dfen auf lange Stielen purpurfarbene aromatische \u00e4hrenf\u00f6rmige Bl\u00fcten.<\/p>\n","protected":false},"featured_media":3673,"template":"","meta":{"_acf_changed":false},"product_brand":[],"product_cat":[8816],"product_tag":[10898],"class_list":{"0":"post-15224","1":"product","2":"type-product","3":"status-publish","4":"has-post-thumbnail","6":"product_cat-hartnaeckige-baeume-und-straeucher","7":"product_tag-naturlichen","8":"pa_altezza-massima-100-de","9":"pa_altezza-massima-150-de","10":"pa_colore-fioritura-rot","11":"pa_condizionamento-clt-de","12":"pa_famiglia-labiatae-de","13":"pa_genere-lavandula-de","14":"pa_origine-europaischen-mittelmeeres","15":"pa_periodo-fioritura-august-de","16":"pa_periodo-fioritura-juli","17":"pa_portamento-cespuglioso-de","18":"pa_profumo-intensiv","19":"pa_resistenza-climatica-mittel-hoch","20":"pa_resistenza-del-suolo-bestandig-gegen-kalkhaltige-boden","21":"pa_resistenza-del-suolo-bestandig-gegen-trockene-boden","22":"pa_salinita-bestaendigkeit-in-meeresluft","23":"pa_utilizzo-balkone","24":"pa_utilizzo-hecken","25":"pa_utilizzo-kleine-gaerten","27":"first","28":"instock","29":"purchasable","30":"product-type-simple"},"acf":[],"_links":{"self":[{"href":"https:\/\/innocentiemangonipiante.it\/de\/wp-json\/wp\/v2\/product\/15224","targetHints":{"allow":["GET"]}}],"collection":[{"href":"https:\/\/innocentiemangonipiante.it\/de\/wp-json\/wp\/v2\/product"}],"about":[{"href":"https:\/\/innocentiemangonipiante.it\/de\/wp-json\/wp\/v2\/types\/product"}],"wp:featuredmedia":[{"embeddable":true,"href":"https:\/\/innocentiemangonipiante.it\/de\/wp-json\/wp\/v2\/media\/3673"}],"wp:attachment":[{"href":"https:\/\/innocentiemangonipiante.it\/de\/wp-json\/wp\/v2\/media?parent=15224"}],"wp:term":[{"taxonomy":"product_brand","embeddable":true,"href":"https:\/\/innocentiemangonipiante.it\/de\/wp-json\/wp\/v2\/product_brand?post=15224"},{"taxonomy":"product_cat","embeddable":true,"href":"https:\/\/innocentiemangonipiante.it\/de\/wp-json\/wp\/v2\/product_cat?post=15224"},{"taxonomy":"product_tag","embeddable":true,"href":"https:\/\/innocentiemangonipiante.it\/de\/wp-json\/wp\/v2\/product_tag?post=15224"}],"curies":[{"name":"wp","href":"https:\/\/api.w.org\/{rel}","templated":true}]}}