{"id":15225,"date":"2023-11-04T01:36:36","date_gmt":"2023-11-04T00:36:36","guid":{"rendered":"http:\/\/innocentiemangonipiante.it\/leptospermum-scoparium\/"},"modified":"2023-11-06T18:58:38","modified_gmt":"2023-11-06T17:58:38","slug":"leptospermum-scoparium","status":"publish","type":"product","link":"https:\/\/innocentiemangonipiante.it\/de\/leptospermum-scoparium\/","title":{"rendered":"LEPTOSPERMUM scoparium"},"content":{"rendered":"<p>Immergr\u00fcner kompakter Strauch mit gr\u00fcnen elliptischen Bl\u00e4ttern. Anfang Fr\u00fchjahr sprie\u00dfen becherf\u00f6rmige Bl\u00fcten.<\/p>\n","protected":false},"excerpt":{"rendered":"<p>Immergr\u00fcner kompakter Strauch mit gr\u00fcnen elliptischen Bl\u00e4ttern. Anfang Fr\u00fchjahr sprie\u00dfen becherf\u00f6rmige Bl\u00fcten.<\/p>\n","protected":false},"featured_media":0,"template":"","meta":{"_acf_changed":false},"product_brand":[],"product_cat":[8816],"product_tag":[10898],"class_list":{"0":"post-15225","1":"product","2":"type-product","3":"status-publish","5":"product_cat-hartnaeckige-baeume-und-straeucher","6":"product_tag-naturlichen","7":"pa_altezza-massima-200-de","8":"pa_altezza-massima-400-de","9":"pa_colore-fioritura-rose-de","10":"pa_condizionamento-clt-de","11":"pa_famiglia-myrtaceae-de","12":"pa_genere-leptospermum-de","13":"pa_origine-neuseeland-de","14":"pa_periodo-fioritura-august-de","15":"pa_periodo-fioritura-juli","16":"pa_periodo-fioritura-juni","17":"pa_periodo-fioritura-mai-de","18":"pa_portamento-arrotondato-de","19":"pa_resistenza-climatica-pflanzen-mit-geringem-klimawiderstand","20":"pa_salinita-bestaendigkeit-in-meeresluft","21":"pa_utilizzo-balkone","22":"pa_utilizzo-hecken","23":"pa_utilizzo-kleine-gaerten","25":"first","26":"instock","27":"purchasable","28":"product-type-simple"},"acf":[],"_links":{"self":[{"href":"https:\/\/innocentiemangonipiante.it\/de\/wp-json\/wp\/v2\/product\/15225","targetHints":{"allow":["GET"]}}],"collection":[{"href":"https:\/\/innocentiemangonipiante.it\/de\/wp-json\/wp\/v2\/product"}],"about":[{"href":"https:\/\/innocentiemangonipiante.it\/de\/wp-json\/wp\/v2\/types\/product"}],"wp:attachment":[{"href":"https:\/\/innocentiemangonipiante.it\/de\/wp-json\/wp\/v2\/media?parent=15225"}],"wp:term":[{"taxonomy":"product_brand","embeddable":true,"href":"https:\/\/innocentiemangonipiante.it\/de\/wp-json\/wp\/v2\/product_brand?post=15225"},{"taxonomy":"product_cat","embeddable":true,"href":"https:\/\/innocentiemangonipiante.it\/de\/wp-json\/wp\/v2\/product_cat?post=15225"},{"taxonomy":"product_tag","embeddable":true,"href":"https:\/\/innocentiemangonipiante.it\/de\/wp-json\/wp\/v2\/product_tag?post=15225"}],"curies":[{"name":"wp","href":"https:\/\/api.w.org\/{rel}","templated":true}]}}