{"id":15226,"date":"2023-11-04T01:36:42","date_gmt":"2023-11-04T00:36:42","guid":{"rendered":"http:\/\/innocentiemangonipiante.it\/lespedeza-thunbergii\/"},"modified":"2023-11-06T18:58:41","modified_gmt":"2023-11-06T17:58:41","slug":"lespedeza-thunbergii","status":"publish","type":"product","link":"https:\/\/innocentiemangonipiante.it\/de\/lespedeza-thunbergii\/","title":{"rendered":"LESPEDEZA thunbergii"},"content":{"rendered":"<p>Perennierende Pflanze mit langen und gekr\u00fcmmten Trieben. Die gr\u00fcnblauen gefingerten Bl\u00e4tter bestehen aus ovalen kleinen Bl\u00e4ttern. Anfang Herbst sprie\u00dfen rosa-purpurfarbene Bl\u00fcten.<\/p>\n","protected":false},"excerpt":{"rendered":"<p>Perennierende Pflanze mit langen und gekr\u00fcmmten Trieben. Die gr\u00fcnblauen gefingerten Bl\u00e4tter bestehen aus ovalen kleinen Bl\u00e4ttern. Anfang Herbst sprie\u00dfen rosa-purpurfarbene Bl\u00fcten.<\/p>\n","protected":false},"featured_media":3680,"template":"","meta":{"_acf_changed":false},"product_brand":[],"product_cat":[8813],"product_tag":[10898],"class_list":{"0":"post-15226","1":"product","2":"type-product","3":"status-publish","4":"has-post-thumbnail","6":"product_cat-laubbaume-und-straucher","7":"product_tag-naturlichen","8":"pa_altezza-massima-150-de","9":"pa_altezza-massima-200-de","10":"pa_colore-fioritura-rose-de","11":"pa_condizionamento-clt-de","12":"pa_famiglia-leguminosae-de","13":"pa_genere-lespedeza-de","14":"pa_origine-ostasien","15":"pa_periodo-fioritura-oktober","16":"pa_portamento-allargato-de","17":"pa_resistenza-climatica-sehr-hoch","18":"pa_resistenza-del-suolo-bestandig-gegen-trockene-boden","19":"pa_utilizzo-balkone","20":"pa_utilizzo-kleine-gaerten","22":"first","23":"instock","24":"purchasable","25":"product-type-simple"},"acf":[],"_links":{"self":[{"href":"https:\/\/innocentiemangonipiante.it\/de\/wp-json\/wp\/v2\/product\/15226","targetHints":{"allow":["GET"]}}],"collection":[{"href":"https:\/\/innocentiemangonipiante.it\/de\/wp-json\/wp\/v2\/product"}],"about":[{"href":"https:\/\/innocentiemangonipiante.it\/de\/wp-json\/wp\/v2\/types\/product"}],"wp:featuredmedia":[{"embeddable":true,"href":"https:\/\/innocentiemangonipiante.it\/de\/wp-json\/wp\/v2\/media\/3680"}],"wp:attachment":[{"href":"https:\/\/innocentiemangonipiante.it\/de\/wp-json\/wp\/v2\/media?parent=15226"}],"wp:term":[{"taxonomy":"product_brand","embeddable":true,"href":"https:\/\/innocentiemangonipiante.it\/de\/wp-json\/wp\/v2\/product_brand?post=15226"},{"taxonomy":"product_cat","embeddable":true,"href":"https:\/\/innocentiemangonipiante.it\/de\/wp-json\/wp\/v2\/product_cat?post=15226"},{"taxonomy":"product_tag","embeddable":true,"href":"https:\/\/innocentiemangonipiante.it\/de\/wp-json\/wp\/v2\/product_tag?post=15226"}],"curies":[{"name":"wp","href":"https:\/\/api.w.org\/{rel}","templated":true}]}}