{"id":15228,"date":"2023-11-04T01:39:04","date_gmt":"2023-11-04T00:39:04","guid":{"rendered":"http:\/\/innocentiemangonipiante.it\/ligustrum-texanum-silver-star\/"},"modified":"2023-11-06T19:00:32","modified_gmt":"2023-11-06T18:00:32","slug":"ligustrum-texanum-silver-star","status":"publish","type":"product","link":"https:\/\/innocentiemangonipiante.it\/de\/ligustrum-texanum-silver-star\/","title":{"rendered":"LIGUSTRUM texanum &#8218;Silver Star&#8216;"},"content":{"rendered":"<p>Immergr\u00fcner Strauch mit gr\u00fcnen eif\u00f6rmigen Bl\u00e4ttern mit cremefarbenen R\u00e4ndern. Wei\u00dfe Bl\u00fcte, aus denen Mitte Sommer rundliche schwarz leuchtende Fr\u00fcchte hervorgehen.<\/p>\n","protected":false},"excerpt":{"rendered":"<p>Immergr\u00fcner Strauch mit gr\u00fcnen eif\u00f6rmigen Bl\u00e4ttern mit cremefarbenen R\u00e4ndern. Wei\u00dfe Bl\u00fcte, aus denen Mitte Sommer rundliche schwarz leuchtende Fr\u00fcchte hervorgehen.<\/p>\n","protected":false},"featured_media":48890,"template":"","meta":{"_acf_changed":false},"product_brand":[],"product_cat":[8816],"product_tag":[10898],"class_list":{"0":"post-15228","1":"product","2":"type-product","3":"status-publish","4":"has-post-thumbnail","6":"product_cat-hartnaeckige-baeume-und-straeucher","7":"product_tag-naturlichen","8":"pa_altezza-massima-100-de","9":"pa_altezza-massima-150-de","10":"pa_colore-fioritura-weis","11":"pa_condizionamento-clt-de","12":"pa_famiglia-oleaceae-de","13":"pa_genere-ligustrum-de","14":"pa_inquinamento-bestaendigkeit-gegen-smog","15":"pa_origine-u-s-a","16":"pa_periodo-fioritura-august-de","17":"pa_periodo-fioritura-juli","18":"pa_periodo-fruttificazione-september-de","19":"pa_portamento-arrotondato-de","20":"pa_profumo-intensiv","21":"pa_resistenza-climatica-mittel-hoch","22":"pa_resistenza-del-suolo-bestandig-gegen-kalkhaltige-boden","23":"pa_resistenza-del-suolo-bestandig-gegen-trockene-boden","24":"pa_salinita-bestaendigkeit-in-meeresluft","25":"pa_utilizzo-balkone","26":"pa_utilizzo-kleine-gaerten","28":"first","29":"instock","30":"purchasable","31":"product-type-simple"},"acf":[],"_links":{"self":[{"href":"https:\/\/innocentiemangonipiante.it\/de\/wp-json\/wp\/v2\/product\/15228","targetHints":{"allow":["GET"]}}],"collection":[{"href":"https:\/\/innocentiemangonipiante.it\/de\/wp-json\/wp\/v2\/product"}],"about":[{"href":"https:\/\/innocentiemangonipiante.it\/de\/wp-json\/wp\/v2\/types\/product"}],"wp:featuredmedia":[{"embeddable":true,"href":"https:\/\/innocentiemangonipiante.it\/de\/wp-json\/wp\/v2\/media\/48890"}],"wp:attachment":[{"href":"https:\/\/innocentiemangonipiante.it\/de\/wp-json\/wp\/v2\/media?parent=15228"}],"wp:term":[{"taxonomy":"product_brand","embeddable":true,"href":"https:\/\/innocentiemangonipiante.it\/de\/wp-json\/wp\/v2\/product_brand?post=15228"},{"taxonomy":"product_cat","embeddable":true,"href":"https:\/\/innocentiemangonipiante.it\/de\/wp-json\/wp\/v2\/product_cat?post=15228"},{"taxonomy":"product_tag","embeddable":true,"href":"https:\/\/innocentiemangonipiante.it\/de\/wp-json\/wp\/v2\/product_tag?post=15228"}],"curies":[{"name":"wp","href":"https:\/\/api.w.org\/{rel}","templated":true}]}}