{"id":15229,"date":"2023-11-04T01:38:45","date_gmt":"2023-11-04T00:38:45","guid":{"rendered":"http:\/\/innocentiemangonipiante.it\/ligustrum-texanum\/"},"modified":"2023-11-06T19:00:14","modified_gmt":"2023-11-06T18:00:14","slug":"ligustrum-texanum","status":"publish","type":"product","link":"https:\/\/innocentiemangonipiante.it\/de\/ligustrum-texanum\/","title":{"rendered":"LIGUSTRUM texanum"},"content":{"rendered":"<p>Immergr\u00fcner Strauch mit dichtem und kompaktem Wuchs. Die ovalen bis elliptischen, ledernen und dicken Bl\u00e4tter sind dunkelgr\u00fcn. Die Pflanze eignet sich sehr gut zum Baumschnitt.<\/p>\n","protected":false},"excerpt":{"rendered":"<p>Immergr\u00fcner Strauch mit dichtem und kompaktem Wuchs. Die ovalen bis elliptischen, ledernen und dicken Bl\u00e4tter sind dunkelgr\u00fcn. Die Pflanze eignet sich sehr gut zum Baumschnitt.<\/p>\n","protected":false},"featured_media":3716,"template":"","meta":{"_acf_changed":false},"product_brand":[],"product_cat":[8816,9231],"product_tag":[10898,8565,8487,8498,8751],"class_list":{"0":"post-15229","1":"product","2":"type-product","3":"status-publish","4":"has-post-thumbnail","6":"product_cat-hartnaeckige-baeume-und-straeucher","7":"product_cat-baume-und-pflanzen-der-zukunft","8":"product_tag-naturlichen","9":"product_tag-halbstamm","10":"product_tag-kasten","11":"product_tag-mehrstammig-mit-schirmformiger-krone","12":"product_tag-spalier","13":"pa_altezza-massima-300-de","14":"pa_altezza-massima-400-de","15":"pa_colore-fioritura-weis","16":"pa_condizionamento-clt-de","17":"pa_condizionamento-jungplanzen","18":"pa_condizionamento-schale","19":"pa_condizionamento-viereckigertops","20":"pa_famiglia-oleaceae-de","21":"pa_genere-ligustrum-de","22":"pa_inquinamento-bestaendigkeit-gegen-smog","23":"pa_origine-u-s-a","24":"pa_periodo-fioritura-august-de","25":"pa_periodo-fioritura-juli","26":"pa_portamento-arrotondato-de","27":"pa_profumo-intensiv","28":"pa_resistenza-climatica-mittel-hoch","29":"pa_resistenza-del-suolo-bestandig-gegen-kalkhaltige-boden","30":"pa_resistenza-del-suolo-bestandig-gegen-trockene-boden","31":"pa_salinita-bestaendigkeit-in-meeresluft","32":"pa_utilizzo-balkone","33":"pa_utilizzo-hecken","34":"pa_utilizzo-kleine-gaerten","36":"first","37":"instock","38":"purchasable","39":"product-type-simple"},"acf":[],"_links":{"self":[{"href":"https:\/\/innocentiemangonipiante.it\/de\/wp-json\/wp\/v2\/product\/15229","targetHints":{"allow":["GET"]}}],"collection":[{"href":"https:\/\/innocentiemangonipiante.it\/de\/wp-json\/wp\/v2\/product"}],"about":[{"href":"https:\/\/innocentiemangonipiante.it\/de\/wp-json\/wp\/v2\/types\/product"}],"wp:featuredmedia":[{"embeddable":true,"href":"https:\/\/innocentiemangonipiante.it\/de\/wp-json\/wp\/v2\/media\/3716"}],"wp:attachment":[{"href":"https:\/\/innocentiemangonipiante.it\/de\/wp-json\/wp\/v2\/media?parent=15229"}],"wp:term":[{"taxonomy":"product_brand","embeddable":true,"href":"https:\/\/innocentiemangonipiante.it\/de\/wp-json\/wp\/v2\/product_brand?post=15229"},{"taxonomy":"product_cat","embeddable":true,"href":"https:\/\/innocentiemangonipiante.it\/de\/wp-json\/wp\/v2\/product_cat?post=15229"},{"taxonomy":"product_tag","embeddable":true,"href":"https:\/\/innocentiemangonipiante.it\/de\/wp-json\/wp\/v2\/product_tag?post=15229"}],"curies":[{"name":"wp","href":"https:\/\/api.w.org\/{rel}","templated":true}]}}