{"id":15230,"date":"2023-11-04T01:38:24","date_gmt":"2023-11-04T00:38:24","guid":{"rendered":"http:\/\/innocentiemangonipiante.it\/ligustrum-ovalifolium-aureum\/"},"modified":"2023-11-06T19:00:04","modified_gmt":"2023-11-06T18:00:04","slug":"ligustrum-ovalifolium-aureum","status":"publish","type":"product","link":"https:\/\/innocentiemangonipiante.it\/de\/ligustrum-ovalifolium-aureum\/","title":{"rendered":"LIGUSTRUM ovalifolium &#8218;Aureum&#8216;"},"content":{"rendered":"<p>Halbimmergr\u00fcner Strauch mit ovalen Bl\u00e4ttern mit breiten gelb leuchtenden R\u00e4ndern. Aus wei\u00dfen Rispenbl\u00fcten gehen Mitte Sommer rundliche schwarz leuchtende Fr\u00fcchte hervor.<\/p>\n","protected":false},"excerpt":{"rendered":"<p>Halbimmergr\u00fcner Strauch mit ovalen Bl\u00e4ttern mit breiten gelb leuchtenden R\u00e4ndern. Aus wei\u00dfen Rispenbl\u00fcten gehen Mitte Sommer rundliche schwarz leuchtende Fr\u00fcchte hervor.<\/p>\n","protected":false},"featured_media":3710,"template":"","meta":{"_acf_changed":false},"product_brand":[],"product_cat":[8816],"product_tag":[10898,8565],"class_list":{"0":"post-15230","1":"product","2":"type-product","3":"status-publish","4":"has-post-thumbnail","6":"product_cat-hartnaeckige-baeume-und-straeucher","7":"product_tag-naturlichen","8":"product_tag-halbstamm","9":"pa_altezza-massima-300-de","10":"pa_altezza-massima-500-de","11":"pa_colore-delle-foglie-gelben","12":"pa_colore-fioritura-weis","13":"pa_condizionamento-clt-de","14":"pa_famiglia-oleaceae-de","15":"pa_genere-ligustrum-de","16":"pa_inquinamento-bestaendigkeit-gegen-smog","17":"pa_origine-ostasien","18":"pa_periodo-fioritura-juli","19":"pa_periodo-fruttificazione-august-de","20":"pa_portamento-eretto-de","21":"pa_resistenza-climatica-mittel-hoch","22":"pa_resistenza-del-suolo-bestandig-gegen-kalkhaltige-boden","23":"pa_resistenza-del-suolo-bestandig-gegen-trockene-boden","24":"pa_salinita-bestaendigkeit-in-meeresluft","25":"pa_utilizzo-balkone","26":"pa_utilizzo-hecken","27":"pa_utilizzo-kleine-gaerten","29":"first","30":"instock","31":"purchasable","32":"product-type-simple"},"acf":[],"_links":{"self":[{"href":"https:\/\/innocentiemangonipiante.it\/de\/wp-json\/wp\/v2\/product\/15230","targetHints":{"allow":["GET"]}}],"collection":[{"href":"https:\/\/innocentiemangonipiante.it\/de\/wp-json\/wp\/v2\/product"}],"about":[{"href":"https:\/\/innocentiemangonipiante.it\/de\/wp-json\/wp\/v2\/types\/product"}],"wp:featuredmedia":[{"embeddable":true,"href":"https:\/\/innocentiemangonipiante.it\/de\/wp-json\/wp\/v2\/media\/3710"}],"wp:attachment":[{"href":"https:\/\/innocentiemangonipiante.it\/de\/wp-json\/wp\/v2\/media?parent=15230"}],"wp:term":[{"taxonomy":"product_brand","embeddable":true,"href":"https:\/\/innocentiemangonipiante.it\/de\/wp-json\/wp\/v2\/product_brand?post=15230"},{"taxonomy":"product_cat","embeddable":true,"href":"https:\/\/innocentiemangonipiante.it\/de\/wp-json\/wp\/v2\/product_cat?post=15230"},{"taxonomy":"product_tag","embeddable":true,"href":"https:\/\/innocentiemangonipiante.it\/de\/wp-json\/wp\/v2\/product_tag?post=15230"}],"curies":[{"name":"wp","href":"https:\/\/api.w.org\/{rel}","templated":true}]}}