{"id":15232,"date":"2023-11-04T01:38:07","date_gmt":"2023-11-04T00:38:07","guid":{"rendered":"http:\/\/innocentiemangonipiante.it\/ligustrum-lucidum-excelsum-superbum\/"},"modified":"2023-11-06T18:59:27","modified_gmt":"2023-11-06T17:59:27","slug":"ligustrum-lucidum-excelsum-superbum","status":"publish","type":"product","link":"https:\/\/innocentiemangonipiante.it\/de\/ligustrum-lucidum-excelsum-superbum\/","title":{"rendered":"LIGUSTRUM lucidum &#8218;Excelsum Superbum&#8216;"},"content":{"rendered":"<p>Immergr\u00fcner Strauch oder Baum mit eif\u00f6rmigen oder ovalen leuchtend gr\u00fcnen Bl\u00e4ttern mit gelben R\u00e4ndern. Ende Sommer erbl\u00fchen wei\u00dfe Rispenbl\u00fcten, aus denen eif\u00f6rmige blau-schwarze Fr\u00fcchte hervorgehen.<\/p>\n","protected":false},"excerpt":{"rendered":"<p>Immergr\u00fcner Strauch oder Baum mit eif\u00f6rmigen oder ovalen leuchtend gr\u00fcnen Bl\u00e4ttern mit gelben R\u00e4ndern. Ende Sommer erbl\u00fchen wei\u00dfe Rispenbl\u00fcten, aus denen eif\u00f6rmige blau-schwarze Fr\u00fcchte hervorgehen.<\/p>\n","protected":false},"featured_media":3698,"template":"","meta":{"_acf_changed":false},"product_brand":[],"product_cat":[8816],"product_tag":[10898,8565,8581,8401],"class_list":{"0":"post-15232","1":"product","2":"type-product","3":"status-publish","4":"has-post-thumbnail","6":"product_cat-hartnaeckige-baeume-und-straeucher","7":"product_tag-naturlichen","8":"product_tag-halbstamm","9":"product_tag-halbstamm-spalier","10":"product_tag-hochstamm","11":"pa_altezza-massima-800-de","12":"pa_altezza-massima-1000-de-2","13":"pa_colore-delle-foglie-vielfaeltigen","14":"pa_colore-fioritura-weis","15":"pa_condizionamento-clt-de","16":"pa_condizionamento-m-de","17":"pa_famiglia-oleaceae-de","18":"pa_genere-ligustrum-de","19":"pa_inquinamento-bestaendigkeit-gegen-smog","20":"pa_origine-ostasien","21":"pa_periodo-fioritura-august-de","22":"pa_portamento-conico-de","23":"pa_profumo-intensiv","24":"pa_resistenza-climatica-mittel-hoch","25":"pa_resistenza-del-suolo-bestandig-gegen-kalkhaltige-boden","26":"pa_resistenza-del-suolo-bestandig-gegen-trockene-boden","27":"pa_salinita-bestaendigkeit-in-meeresluft","28":"pa_utilizzo-balkone","29":"pa_utilizzo-hecken","30":"pa_utilizzo-kleine-gaerten","32":"first","33":"instock","34":"purchasable","35":"product-type-simple"},"acf":[],"_links":{"self":[{"href":"https:\/\/innocentiemangonipiante.it\/de\/wp-json\/wp\/v2\/product\/15232","targetHints":{"allow":["GET"]}}],"collection":[{"href":"https:\/\/innocentiemangonipiante.it\/de\/wp-json\/wp\/v2\/product"}],"about":[{"href":"https:\/\/innocentiemangonipiante.it\/de\/wp-json\/wp\/v2\/types\/product"}],"wp:featuredmedia":[{"embeddable":true,"href":"https:\/\/innocentiemangonipiante.it\/de\/wp-json\/wp\/v2\/media\/3698"}],"wp:attachment":[{"href":"https:\/\/innocentiemangonipiante.it\/de\/wp-json\/wp\/v2\/media?parent=15232"}],"wp:term":[{"taxonomy":"product_brand","embeddable":true,"href":"https:\/\/innocentiemangonipiante.it\/de\/wp-json\/wp\/v2\/product_brand?post=15232"},{"taxonomy":"product_cat","embeddable":true,"href":"https:\/\/innocentiemangonipiante.it\/de\/wp-json\/wp\/v2\/product_cat?post=15232"},{"taxonomy":"product_tag","embeddable":true,"href":"https:\/\/innocentiemangonipiante.it\/de\/wp-json\/wp\/v2\/product_tag?post=15232"}],"curies":[{"name":"wp","href":"https:\/\/api.w.org\/{rel}","templated":true}]}}