{"id":15233,"date":"2023-11-04T01:37:50","date_gmt":"2023-11-04T00:37:50","guid":{"rendered":"http:\/\/innocentiemangonipiante.it\/ligustrum-japonicum\/"},"modified":"2023-11-06T18:59:11","modified_gmt":"2023-11-06T17:59:11","slug":"ligustrum-japonicum","status":"publish","type":"product","link":"https:\/\/innocentiemangonipiante.it\/de\/ligustrum-japonicum\/","title":{"rendered":"LIGUSTRUM japonicum"},"content":{"rendered":"<p>Immergr\u00fcner Baum oder Strauch mit gl\u00e4nzenden dunkelgr\u00fcnen eif\u00f6rmigen oder ovalen Bl\u00e4ttern. Ende Sommer erbl\u00fchen wei\u00dfe Rispenbl\u00fcten, aus denen blauschwarze eif\u00f6rmige Fr\u00fcchte hervorgehen.<\/p>\n","protected":false},"excerpt":{"rendered":"<p>Immergr\u00fcner Baum oder Strauch mit gl\u00e4nzenden dunkelgr\u00fcnen eif\u00f6rmigen oder ovalen Bl\u00e4ttern. Ende Sommer erbl\u00fchen wei\u00dfe Rispenbl\u00fcten, aus denen blauschwarze eif\u00f6rmige Fr\u00fcchte hervorgehen.<\/p>\n","protected":false},"featured_media":3692,"template":"","meta":{"_acf_changed":false},"product_brand":[],"product_cat":[8816,9231],"product_tag":[10898,8401,8425,8498],"class_list":{"0":"post-15233","1":"product","2":"type-product","3":"status-publish","4":"has-post-thumbnail","6":"product_cat-hartnaeckige-baeume-und-straeucher","7":"product_cat-baume-und-pflanzen-der-zukunft","8":"product_tag-naturlichen","9":"product_tag-hochstamm","10":"product_tag-hochstamm-spalier","11":"product_tag-mehrstammig-mit-schirmformiger-krone","12":"pa_altezza-massima-800-de","13":"pa_altezza-massima-1000-de-2","14":"pa_colore-fioritura-weis","15":"pa_condizionamento-clt-de","16":"pa_condizionamento-jungplanzen","17":"pa_condizionamento-m-de","18":"pa_famiglia-oleaceae-de","19":"pa_genere-ligustrum-de","20":"pa_inquinamento-bestaendigkeit-gegen-smog","21":"pa_origine-ostasien","22":"pa_periodo-fioritura-august-de","23":"pa_periodo-fioritura-juli","24":"pa_periodo-fioritura-juni","25":"pa_portamento-eretto-de","26":"pa_profumo-intensiv","27":"pa_resistenza-climatica-mittel-hoch","28":"pa_resistenza-del-suolo-bestandig-gegen-kalkhaltige-boden","29":"pa_resistenza-del-suolo-bestandig-gegen-trockene-boden","30":"pa_salinita-bestaendigkeit-in-meeresluft","31":"pa_utilizzo-balkone","32":"pa_utilizzo-hecken","33":"pa_utilizzo-kleine-gaerten","35":"first","36":"instock","37":"purchasable","38":"product-type-simple"},"acf":[],"_links":{"self":[{"href":"https:\/\/innocentiemangonipiante.it\/de\/wp-json\/wp\/v2\/product\/15233","targetHints":{"allow":["GET"]}}],"collection":[{"href":"https:\/\/innocentiemangonipiante.it\/de\/wp-json\/wp\/v2\/product"}],"about":[{"href":"https:\/\/innocentiemangonipiante.it\/de\/wp-json\/wp\/v2\/types\/product"}],"wp:featuredmedia":[{"embeddable":true,"href":"https:\/\/innocentiemangonipiante.it\/de\/wp-json\/wp\/v2\/media\/3692"}],"wp:attachment":[{"href":"https:\/\/innocentiemangonipiante.it\/de\/wp-json\/wp\/v2\/media?parent=15233"}],"wp:term":[{"taxonomy":"product_brand","embeddable":true,"href":"https:\/\/innocentiemangonipiante.it\/de\/wp-json\/wp\/v2\/product_brand?post=15233"},{"taxonomy":"product_cat","embeddable":true,"href":"https:\/\/innocentiemangonipiante.it\/de\/wp-json\/wp\/v2\/product_cat?post=15233"},{"taxonomy":"product_tag","embeddable":true,"href":"https:\/\/innocentiemangonipiante.it\/de\/wp-json\/wp\/v2\/product_tag?post=15233"}],"curies":[{"name":"wp","href":"https:\/\/api.w.org\/{rel}","templated":true}]}}