{"id":15240,"date":"2023-11-04T01:40:08","date_gmt":"2023-11-04T00:40:08","guid":{"rendered":"http:\/\/innocentiemangonipiante.it\/liquidambar-styraciflua-paarl\/"},"modified":"2023-11-06T19:01:12","modified_gmt":"2023-11-06T18:01:12","slug":"liquidambar-styraciflua-paarl","status":"publish","type":"product","link":"https:\/\/innocentiemangonipiante.it\/de\/liquidambar-styraciflua-paarl\/","title":{"rendered":"LIQUIDAMBAR styraciflua &#8218;Paarl&#8216; \u00ae"},"content":{"rendered":"<p>Sein pyramidaler Wuchs macht ihn zu einem exzellenten Alleebaum, \u00fcberall wo man nicht auf den Anblick seiner rissigen Rinde und seiner sch\u00f6nen Herbstf\u00e4rbung verzichten m\u00f6chte.<\/p>\n","protected":false},"excerpt":{"rendered":"<p>Sein pyramidaler Wuchs macht ihn zu einem exzellenten Alleebaum, \u00fcberall wo man nicht auf den Anblick seiner rissigen Rinde und seiner sch\u00f6nen Herbstf\u00e4rbung verzichten m\u00f6chte.<\/p>\n","protected":false},"featured_media":49120,"template":"","meta":{"_acf_changed":false},"product_brand":[],"product_cat":[8813,9231],"product_tag":[10898,8401,10902],"class_list":{"0":"post-15240","1":"product","2":"type-product","3":"status-publish","4":"has-post-thumbnail","6":"product_cat-laubbaume-und-straucher","7":"product_cat-baume-und-pflanzen-der-zukunft","8":"product_tag-naturlichen","9":"product_tag-hochstamm","10":"product_tag-stammbusch","11":"pa_altezza-massima-1000-de-2","12":"pa_altezza-massima-15-meter","13":"pa_colore-fioritura-weis","14":"pa_condizionamento-clt-de","15":"pa_condizionamento-jungplanzen","16":"pa_condizionamento-m-de","17":"pa_famiglia-hamamelidaceae-de","18":"pa_genere-liquidambar-de","19":"pa_origine-u-s-a","20":"pa_periodo-fioritura-april-de","21":"pa_periodo-fioritura-maerz","22":"pa_portamento-piramidale-de","23":"pa_resistenza-climatica-sehr-hoch","24":"pa_resistenza-del-suolo-bestandig-gegen-kalkhaltige-boden","25":"pa_resistenza-del-suolo-bestandigkeit-auf-feuchten-boden","26":"pa_utilizzo-alleen","28":"first","29":"instock","30":"purchasable","31":"product-type-simple"},"acf":[],"_links":{"self":[{"href":"https:\/\/innocentiemangonipiante.it\/de\/wp-json\/wp\/v2\/product\/15240","targetHints":{"allow":["GET"]}}],"collection":[{"href":"https:\/\/innocentiemangonipiante.it\/de\/wp-json\/wp\/v2\/product"}],"about":[{"href":"https:\/\/innocentiemangonipiante.it\/de\/wp-json\/wp\/v2\/types\/product"}],"wp:featuredmedia":[{"embeddable":true,"href":"https:\/\/innocentiemangonipiante.it\/de\/wp-json\/wp\/v2\/media\/49120"}],"wp:attachment":[{"href":"https:\/\/innocentiemangonipiante.it\/de\/wp-json\/wp\/v2\/media?parent=15240"}],"wp:term":[{"taxonomy":"product_brand","embeddable":true,"href":"https:\/\/innocentiemangonipiante.it\/de\/wp-json\/wp\/v2\/product_brand?post=15240"},{"taxonomy":"product_cat","embeddable":true,"href":"https:\/\/innocentiemangonipiante.it\/de\/wp-json\/wp\/v2\/product_cat?post=15240"},{"taxonomy":"product_tag","embeddable":true,"href":"https:\/\/innocentiemangonipiante.it\/de\/wp-json\/wp\/v2\/product_tag?post=15240"}],"curies":[{"name":"wp","href":"https:\/\/api.w.org\/{rel}","templated":true}]}}