{"id":15243,"date":"2023-11-04T01:39:10","date_gmt":"2023-11-04T00:39:10","guid":{"rendered":"http:\/\/innocentiemangonipiante.it\/liquidambar-styraciflua\/"},"modified":"2023-11-06T19:00:35","modified_gmt":"2023-11-06T18:00:35","slug":"liquidambar-styraciflua","status":"publish","type":"product","link":"https:\/\/innocentiemangonipiante.it\/de\/liquidambar-styraciflua\/","title":{"rendered":"LIQUIDAMBAR styraciflua"},"content":{"rendered":"<p>\u201cAmberbaum\u201d. Schnell wachsender Baum mit faltiger Rinde, die tiefe und unregelm\u00e4\u00dfige Furchen aufweist. Die gr\u00fcnen gefingerten Bl\u00e4tter f\u00e4rben sich im Herbst orange-rot.<\/p>\n","protected":false},"excerpt":{"rendered":"<p>\u201cAmberbaum\u201d. Schnell wachsender Baum mit faltiger Rinde, die tiefe und unregelm\u00e4\u00dfige Furchen aufweist. Die gr\u00fcnen gefingerten Bl\u00e4tter f\u00e4rben sich im Herbst orange-rot.<\/p>\n","protected":false},"featured_media":3723,"template":"","meta":{"_acf_changed":false},"product_brand":[],"product_cat":[8813,9231],"product_tag":[10898,8401,8433,8425,8597,8751,10902],"class_list":{"0":"post-15243","1":"product","2":"type-product","3":"status-publish","4":"has-post-thumbnail","6":"product_cat-laubbaume-und-straucher","7":"product_cat-baume-und-pflanzen-der-zukunft","8":"product_tag-naturlichen","9":"product_tag-hochstamm","10":"product_tag-hochstamm-dach","11":"product_tag-hochstamm-spalier","12":"product_tag-multistamm","13":"product_tag-spalier","14":"product_tag-stammbusch","15":"pa_altezza-massima-20-meter","16":"pa_altezza-massima-25-meter","17":"pa_colore-fioritura-gelbe","18":"pa_condizionamento-clt-de","19":"pa_condizionamento-jungplanzen","20":"pa_condizionamento-m-de","21":"pa_famiglia-hamamelidaceae-de","22":"pa_genere-liquidambar-de","23":"pa_origine-u-s-a","24":"pa_periodo-fioritura-april-de","25":"pa_periodo-fioritura-maerz","26":"pa_portamento-piramidale-de","27":"pa_resistenza-climatica-mittel-hoch","28":"pa_resistenza-del-suolo-bestandig-gegen-kalkhaltige-boden","29":"pa_resistenza-del-suolo-bestandigkeit-auf-feuchten-boden","30":"pa_utilizzo-alleen","31":"pa_utilizzo-parks-de","33":"first","34":"instock","35":"purchasable","36":"product-type-simple"},"acf":[],"_links":{"self":[{"href":"https:\/\/innocentiemangonipiante.it\/de\/wp-json\/wp\/v2\/product\/15243","targetHints":{"allow":["GET"]}}],"collection":[{"href":"https:\/\/innocentiemangonipiante.it\/de\/wp-json\/wp\/v2\/product"}],"about":[{"href":"https:\/\/innocentiemangonipiante.it\/de\/wp-json\/wp\/v2\/types\/product"}],"wp:featuredmedia":[{"embeddable":true,"href":"https:\/\/innocentiemangonipiante.it\/de\/wp-json\/wp\/v2\/media\/3723"}],"wp:attachment":[{"href":"https:\/\/innocentiemangonipiante.it\/de\/wp-json\/wp\/v2\/media?parent=15243"}],"wp:term":[{"taxonomy":"product_brand","embeddable":true,"href":"https:\/\/innocentiemangonipiante.it\/de\/wp-json\/wp\/v2\/product_brand?post=15243"},{"taxonomy":"product_cat","embeddable":true,"href":"https:\/\/innocentiemangonipiante.it\/de\/wp-json\/wp\/v2\/product_cat?post=15243"},{"taxonomy":"product_tag","embeddable":true,"href":"https:\/\/innocentiemangonipiante.it\/de\/wp-json\/wp\/v2\/product_tag?post=15243"}],"curies":[{"name":"wp","href":"https:\/\/api.w.org\/{rel}","templated":true}]}}