{"id":15244,"date":"2023-11-04T01:41:17","date_gmt":"2023-11-04T00:41:17","guid":{"rendered":"http:\/\/innocentiemangonipiante.it\/liriodendron-tulipifera-fastigiata\/"},"modified":"2023-11-06T19:01:44","modified_gmt":"2023-11-06T18:01:44","slug":"liriodendron-tulipifera-fastigiata","status":"publish","type":"product","link":"https:\/\/innocentiemangonipiante.it\/de\/liriodendron-tulipifera-fastigiata\/","title":{"rendered":"LIRIODENDRON tulipifera &#8218;Fastigiata&#8216;"},"content":{"rendered":"<p>\u00c4hnliche Eigenschaften wie die der Grundsorte. Reichliche Bl\u00fcte. S\u00e4ulenf\u00f6rmiger Wuchs mit aufrecht stehendem Astwerk.<\/p>\n","protected":false},"excerpt":{"rendered":"<p>\u00c4hnliche Eigenschaften wie die der Grundsorte. Reichliche Bl\u00fcte. S\u00e4ulenf\u00f6rmiger Wuchs mit aufrecht stehendem Astwerk.<\/p>\n","protected":false},"featured_media":3784,"template":"","meta":{"_acf_changed":false},"product_brand":[],"product_cat":[8813,9231],"product_tag":[10898,8401],"class_list":{"0":"post-15244","1":"product","2":"type-product","3":"status-publish","4":"has-post-thumbnail","6":"product_cat-laubbaume-und-straucher","7":"product_cat-baume-und-pflanzen-der-zukunft","8":"product_tag-naturlichen","9":"product_tag-hochstamm","10":"pa_altezza-massima-15-meter","11":"pa_altezza-massima-20-meter","12":"pa_colore-fioritura-gelbe","13":"pa_condizionamento-clt-de","14":"pa_condizionamento-m-de","15":"pa_famiglia-magnoliaceae-de","16":"pa_genere-liriodendron-de","17":"pa_inquinamento-bestaendigkeit-gegen-smog","18":"pa_origine-u-s-a","19":"pa_portamento-fastigiato-de","20":"pa_resistenza-climatica-sehr-hoch","21":"pa_resistenza-del-suolo-bestandigkeit-auf-feuchten-boden","22":"pa_utilizzo-alleen","24":"first","25":"instock","26":"purchasable","27":"product-type-simple"},"acf":[],"_links":{"self":[{"href":"https:\/\/innocentiemangonipiante.it\/de\/wp-json\/wp\/v2\/product\/15244","targetHints":{"allow":["GET"]}}],"collection":[{"href":"https:\/\/innocentiemangonipiante.it\/de\/wp-json\/wp\/v2\/product"}],"about":[{"href":"https:\/\/innocentiemangonipiante.it\/de\/wp-json\/wp\/v2\/types\/product"}],"wp:featuredmedia":[{"embeddable":true,"href":"https:\/\/innocentiemangonipiante.it\/de\/wp-json\/wp\/v2\/media\/3784"}],"wp:attachment":[{"href":"https:\/\/innocentiemangonipiante.it\/de\/wp-json\/wp\/v2\/media?parent=15244"}],"wp:term":[{"taxonomy":"product_brand","embeddable":true,"href":"https:\/\/innocentiemangonipiante.it\/de\/wp-json\/wp\/v2\/product_brand?post=15244"},{"taxonomy":"product_cat","embeddable":true,"href":"https:\/\/innocentiemangonipiante.it\/de\/wp-json\/wp\/v2\/product_cat?post=15244"},{"taxonomy":"product_tag","embeddable":true,"href":"https:\/\/innocentiemangonipiante.it\/de\/wp-json\/wp\/v2\/product_tag?post=15244"}],"curies":[{"name":"wp","href":"https:\/\/api.w.org\/{rel}","templated":true}]}}