{"id":15246,"date":"2023-11-04T01:40:55","date_gmt":"2023-11-04T00:40:55","guid":{"rendered":"http:\/\/innocentiemangonipiante.it\/liriodendron-tulipifera\/"},"modified":"2023-11-06T19:01:32","modified_gmt":"2023-11-06T18:01:32","slug":"liriodendron-tulipifera","status":"publish","type":"product","link":"https:\/\/innocentiemangonipiante.it\/de\/liriodendron-tulipifera\/","title":{"rendered":"LIRIODENDRON tulipifera"},"content":{"rendered":"<p>Sommergr\u00fcner kr\u00e4ftig wachsender s\u00e4ulenf\u00f6rmiger Baum. Die dunkelgr\u00fcnen Bl\u00e4tter haben eine lappige, viereckige Form. Die bla\u00dfgr\u00fcnen, becherf\u00f6rmigen Bl\u00fcten mit gelben Streifen am Fu\u00df erbl\u00fchen Mitte Sommer.<\/p>\n","protected":false},"excerpt":{"rendered":"<p>Sommergr\u00fcner kr\u00e4ftig wachsender s\u00e4ulenf\u00f6rmiger Baum. Die dunkelgr\u00fcnen Bl\u00e4tter haben eine lappige, viereckige Form. Die bla\u00dfgr\u00fcnen, becherf\u00f6rmigen Bl\u00fcten mit gelben Streifen am Fu\u00df erbl\u00fchen Mitte Sommer.<\/p>\n","protected":false},"featured_media":3772,"template":"","meta":{"_acf_changed":false},"product_brand":[],"product_cat":[8813],"product_tag":[10898,8401,8597,10902],"class_list":{"0":"post-15246","1":"product","2":"type-product","3":"status-publish","4":"has-post-thumbnail","6":"product_cat-laubbaume-und-straucher","7":"product_tag-naturlichen","8":"product_tag-hochstamm","9":"product_tag-multistamm","10":"product_tag-stammbusch","11":"pa_altezza-massima-25-meter","12":"pa_altezza-massima-35-meter","13":"pa_colore-fioritura-gelbe","14":"pa_condizionamento-clt-de","15":"pa_condizionamento-jungplanzen","16":"pa_condizionamento-m-de","17":"pa_famiglia-magnoliaceae-de","18":"pa_genere-liriodendron-de","19":"pa_inquinamento-bestaendigkeit-gegen-smog","20":"pa_origine-u-s-a","21":"pa_periodo-fioritura-juli","22":"pa_portamento-arrotondato-de","23":"pa_resistenza-climatica-sehr-hoch","24":"pa_resistenza-del-suolo-bestandigkeit-auf-feuchten-boden","25":"pa_utilizzo-alleen","26":"pa_utilizzo-parks-de","28":"first","29":"instock","30":"purchasable","31":"product-type-simple"},"acf":[],"_links":{"self":[{"href":"https:\/\/innocentiemangonipiante.it\/de\/wp-json\/wp\/v2\/product\/15246","targetHints":{"allow":["GET"]}}],"collection":[{"href":"https:\/\/innocentiemangonipiante.it\/de\/wp-json\/wp\/v2\/product"}],"about":[{"href":"https:\/\/innocentiemangonipiante.it\/de\/wp-json\/wp\/v2\/types\/product"}],"wp:featuredmedia":[{"embeddable":true,"href":"https:\/\/innocentiemangonipiante.it\/de\/wp-json\/wp\/v2\/media\/3772"}],"wp:attachment":[{"href":"https:\/\/innocentiemangonipiante.it\/de\/wp-json\/wp\/v2\/media?parent=15246"}],"wp:term":[{"taxonomy":"product_brand","embeddable":true,"href":"https:\/\/innocentiemangonipiante.it\/de\/wp-json\/wp\/v2\/product_brand?post=15246"},{"taxonomy":"product_cat","embeddable":true,"href":"https:\/\/innocentiemangonipiante.it\/de\/wp-json\/wp\/v2\/product_cat?post=15246"},{"taxonomy":"product_tag","embeddable":true,"href":"https:\/\/innocentiemangonipiante.it\/de\/wp-json\/wp\/v2\/product_tag?post=15246"}],"curies":[{"name":"wp","href":"https:\/\/api.w.org\/{rel}","templated":true}]}}