{"id":15252,"date":"2023-11-04T01:42:09","date_gmt":"2023-11-04T00:42:09","guid":{"rendered":"http:\/\/innocentiemangonipiante.it\/lonicera-nitida\/"},"modified":"2023-11-06T19:02:32","modified_gmt":"2023-11-06T18:02:32","slug":"lonicera-nitida","status":"publish","type":"product","link":"https:\/\/innocentiemangonipiante.it\/de\/lonicera-nitida\/","title":{"rendered":"LONICERA nitida"},"content":{"rendered":"<p>Buschiger immergr\u00fcner Strauch mit dunkelgr\u00fcnfarbigen eif\u00f6rmigen gepaarten Bl\u00e4ttern. Im Sommer produziert es weisscremefarbige rohrenf\u00f6rmige Bl\u00fcten in Paaren, gefolgt von schwarz-purpurrote Beeren. Sehr gute Sorte f\u00fcr Hecken.<\/p>\n","protected":false},"excerpt":{"rendered":"<p>Buschiger immergr\u00fcner Strauch mit dunkelgr\u00fcnfarbigen eif\u00f6rmigen gepaarten Bl\u00e4ttern. Im Sommer produziert es weisscremefarbige rohrenf\u00f6rmige Bl\u00fcten in Paaren, gefolgt von schwarz-purpurrote Beeren. Sehr gute Sorte f\u00fcr Hecken.<\/p>\n","protected":false},"featured_media":3821,"template":"","meta":{"_acf_changed":false},"product_brand":[],"product_cat":[8837],"product_tag":[10898],"class_list":{"0":"post-15252","1":"product","2":"type-product","3":"status-publish","4":"has-post-thumbnail","6":"product_cat-schlingpflanzen","7":"product_tag-naturlichen","8":"pa_altezza-massima-200-de","9":"pa_altezza-massima-300-de","10":"pa_colore-fioritura-weis","11":"pa_condizionamento-clt-de","12":"pa_famiglia-caprifoliaceae-de","13":"pa_genere-lonicera-de","14":"pa_inquinamento-bestaendigkeit-gegen-smog","15":"pa_origine-ostasien","16":"pa_periodo-fioritura-april-de","17":"pa_periodo-fioritura-mai-de","18":"pa_periodo-fruttificazione-juni","19":"pa_portamento-cespuglioso-de","20":"pa_resistenza-climatica-sehr-hoch","21":"pa_resistenza-del-suolo-bestandig-gegen-kalkhaltige-boden","22":"pa_resistenza-del-suolo-bestandig-gegen-trockene-boden","23":"pa_salinita-bestaendigkeit-in-meeresluft","24":"pa_utilizzo-hecken","26":"first","27":"instock","28":"purchasable","29":"product-type-simple"},"acf":[],"_links":{"self":[{"href":"https:\/\/innocentiemangonipiante.it\/de\/wp-json\/wp\/v2\/product\/15252","targetHints":{"allow":["GET"]}}],"collection":[{"href":"https:\/\/innocentiemangonipiante.it\/de\/wp-json\/wp\/v2\/product"}],"about":[{"href":"https:\/\/innocentiemangonipiante.it\/de\/wp-json\/wp\/v2\/types\/product"}],"wp:featuredmedia":[{"embeddable":true,"href":"https:\/\/innocentiemangonipiante.it\/de\/wp-json\/wp\/v2\/media\/3821"}],"wp:attachment":[{"href":"https:\/\/innocentiemangonipiante.it\/de\/wp-json\/wp\/v2\/media?parent=15252"}],"wp:term":[{"taxonomy":"product_brand","embeddable":true,"href":"https:\/\/innocentiemangonipiante.it\/de\/wp-json\/wp\/v2\/product_brand?post=15252"},{"taxonomy":"product_cat","embeddable":true,"href":"https:\/\/innocentiemangonipiante.it\/de\/wp-json\/wp\/v2\/product_cat?post=15252"},{"taxonomy":"product_tag","embeddable":true,"href":"https:\/\/innocentiemangonipiante.it\/de\/wp-json\/wp\/v2\/product_tag?post=15252"}],"curies":[{"name":"wp","href":"https:\/\/api.w.org\/{rel}","templated":true}]}}