{"id":15254,"date":"2023-11-04T01:41:51","date_gmt":"2023-11-04T00:41:51","guid":{"rendered":"http:\/\/innocentiemangonipiante.it\/lonicera-japonica-chinensis\/"},"modified":"2023-11-06T19:02:23","modified_gmt":"2023-11-06T18:02:23","slug":"lonicera-japonica-chinensis","status":"publish","type":"product","link":"https:\/\/innocentiemangonipiante.it\/de\/lonicera-japonica-chinensis\/","title":{"rendered":"LONICERA japonica &#8218;Chinensis&#8216;"},"content":{"rendered":"<p>Halb-immergr\u00fcne Kletterpflanze mit eif\u00f6rmigen gr\u00fcnen Bl\u00e4ttern, die auf der Unterseite r\u00f6tlich sind. Im Sommer produziert er rot-gelbe duftende Bl\u00fcten.<\/p>\n","protected":false},"excerpt":{"rendered":"<p>Halb-immergr\u00fcne Kletterpflanze mit eif\u00f6rmigen gr\u00fcnen Bl\u00e4ttern, die auf der Unterseite r\u00f6tlich sind. Im Sommer produziert er rot-gelbe duftende Bl\u00fcten.<\/p>\n","protected":false},"featured_media":3809,"template":"","meta":{"_acf_changed":false},"product_brand":[],"product_cat":[8837],"product_tag":[10898],"class_list":{"0":"post-15254","1":"product","2":"type-product","3":"status-publish","4":"has-post-thumbnail","6":"product_cat-schlingpflanzen","7":"product_tag-naturlichen","8":"pa_altezza-massima-400-de","9":"pa_altezza-massima-600-de","10":"pa_colore-fioritura-rot","11":"pa_condizionamento-clt-de","12":"pa_famiglia-caprifoliaceae-de","13":"pa_genere-lonicera-de","14":"pa_origine-ostasien","15":"pa_periodo-fioritura-august-de","16":"pa_periodo-fioritura-juli","17":"pa_periodo-fioritura-juni","18":"pa_portamento-schlingpflanze","19":"pa_profumo-intensiv","20":"pa_resistenza-climatica-sehr-hoch","21":"pa_resistenza-del-suolo-bestandig-gegen-kalkhaltige-boden","22":"pa_resistenza-del-suolo-bestandig-gegen-trockene-boden","23":"pa_utilizzo-kleine-gaerten","24":"pa_utilizzo-parks-de","26":"first","27":"instock","28":"purchasable","29":"product-type-simple"},"acf":[],"_links":{"self":[{"href":"https:\/\/innocentiemangonipiante.it\/de\/wp-json\/wp\/v2\/product\/15254","targetHints":{"allow":["GET"]}}],"collection":[{"href":"https:\/\/innocentiemangonipiante.it\/de\/wp-json\/wp\/v2\/product"}],"about":[{"href":"https:\/\/innocentiemangonipiante.it\/de\/wp-json\/wp\/v2\/types\/product"}],"wp:featuredmedia":[{"embeddable":true,"href":"https:\/\/innocentiemangonipiante.it\/de\/wp-json\/wp\/v2\/media\/3809"}],"wp:attachment":[{"href":"https:\/\/innocentiemangonipiante.it\/de\/wp-json\/wp\/v2\/media?parent=15254"}],"wp:term":[{"taxonomy":"product_brand","embeddable":true,"href":"https:\/\/innocentiemangonipiante.it\/de\/wp-json\/wp\/v2\/product_brand?post=15254"},{"taxonomy":"product_cat","embeddable":true,"href":"https:\/\/innocentiemangonipiante.it\/de\/wp-json\/wp\/v2\/product_cat?post=15254"},{"taxonomy":"product_tag","embeddable":true,"href":"https:\/\/innocentiemangonipiante.it\/de\/wp-json\/wp\/v2\/product_tag?post=15254"}],"curies":[{"name":"wp","href":"https:\/\/api.w.org\/{rel}","templated":true}]}}