{"id":15255,"date":"2023-11-04T01:41:31","date_gmt":"2023-11-04T00:41:31","guid":{"rendered":"http:\/\/innocentiemangonipiante.it\/lonicera-henryi\/"},"modified":"2023-11-06T19:02:15","modified_gmt":"2023-11-06T18:02:15","slug":"lonicera-henryi","status":"publish","type":"product","link":"https:\/\/innocentiemangonipiante.it\/de\/lonicera-henryi\/","title":{"rendered":"LONICERA henryi"},"content":{"rendered":"<p>Immergr\u00fcne, kraftvolle Kletterpflanze. Dunkelgr\u00fcne bis 10cm lange Bl\u00e4tter. Vom Sommeranfang produziert es rohrenf\u00f6rmige purpurrote Bl\u00fcten mit gelbem Hals, gefolgt von purpurrot-schwarze Beeren.<\/p>\n","protected":false},"excerpt":{"rendered":"<p>Immergr\u00fcne, kraftvolle Kletterpflanze. Dunkelgr\u00fcne bis 10cm lange Bl\u00e4tter. Vom Sommeranfang produziert es rohrenf\u00f6rmige purpurrote Bl\u00fcten mit gelbem Hals, gefolgt von purpurrot-schwarze Beeren.<\/p>\n","protected":false},"featured_media":3796,"template":"","meta":{"_acf_changed":false},"product_brand":[],"product_cat":[8837],"product_tag":[10898],"class_list":{"0":"post-15255","1":"product","2":"type-product","3":"status-publish","4":"has-post-thumbnail","6":"product_cat-schlingpflanzen","7":"product_tag-naturlichen","8":"pa_altezza-massima-800-de","9":"pa_altezza-massima-1000-de-2","10":"pa_colore-fioritura-rot","11":"pa_condizionamento-clt-de","12":"pa_famiglia-caprifoliaceae-de","13":"pa_genere-lonicera-de","14":"pa_origine-china-de","15":"pa_periodo-fioritura-juli","16":"pa_periodo-fioritura-juni","17":"pa_periodo-fioritura-mai-de","18":"pa_portamento-schlingpflanze","19":"pa_profumo-zart","20":"pa_resistenza-climatica-sehr-hoch","21":"pa_resistenza-del-suolo-bestandig-gegen-kalkhaltige-boden","22":"pa_resistenza-del-suolo-bestandig-gegen-trockene-boden","23":"pa_utilizzo-parks-de","25":"first","26":"instock","27":"purchasable","28":"product-type-simple"},"acf":[],"_links":{"self":[{"href":"https:\/\/innocentiemangonipiante.it\/de\/wp-json\/wp\/v2\/product\/15255","targetHints":{"allow":["GET"]}}],"collection":[{"href":"https:\/\/innocentiemangonipiante.it\/de\/wp-json\/wp\/v2\/product"}],"about":[{"href":"https:\/\/innocentiemangonipiante.it\/de\/wp-json\/wp\/v2\/types\/product"}],"wp:featuredmedia":[{"embeddable":true,"href":"https:\/\/innocentiemangonipiante.it\/de\/wp-json\/wp\/v2\/media\/3796"}],"wp:attachment":[{"href":"https:\/\/innocentiemangonipiante.it\/de\/wp-json\/wp\/v2\/media?parent=15255"}],"wp:term":[{"taxonomy":"product_brand","embeddable":true,"href":"https:\/\/innocentiemangonipiante.it\/de\/wp-json\/wp\/v2\/product_brand?post=15255"},{"taxonomy":"product_cat","embeddable":true,"href":"https:\/\/innocentiemangonipiante.it\/de\/wp-json\/wp\/v2\/product_cat?post=15255"},{"taxonomy":"product_tag","embeddable":true,"href":"https:\/\/innocentiemangonipiante.it\/de\/wp-json\/wp\/v2\/product_tag?post=15255"}],"curies":[{"name":"wp","href":"https:\/\/api.w.org\/{rel}","templated":true}]}}