{"id":15257,"date":"2023-11-04T01:42:48","date_gmt":"2023-11-04T00:42:48","guid":{"rendered":"http:\/\/innocentiemangonipiante.it\/lonicera-x-heckrottii\/"},"modified":"2023-11-06T19:02:51","modified_gmt":"2023-11-06T18:02:51","slug":"lonicera-x-heckrottii","status":"publish","type":"product","link":"https:\/\/innocentiemangonipiante.it\/de\/lonicera-x-heckrottii\/","title":{"rendered":"LONICERA x heckrottii"},"content":{"rendered":"<p>Immergr\u00fcne Kletterpflanze mit ovalen bis elliptischen blaugr\u00fcnen Bl\u00e4tter, die paarig angeordnet sind. Die r\u00f6hrenf\u00f6rmigen roten Bl\u00fcten f\u00fchren zu roten Beeren.<\/p>\n","protected":false},"excerpt":{"rendered":"<p>Immergr\u00fcne Kletterpflanze mit ovalen bis elliptischen blaugr\u00fcnen Bl\u00e4tter, die paarig angeordnet sind. Die r\u00f6hrenf\u00f6rmigen roten Bl\u00fcten f\u00fchren zu roten Beeren.<\/p>\n","protected":false},"featured_media":49240,"template":"","meta":{"_acf_changed":false},"product_brand":[],"product_cat":[8837],"product_tag":[10898],"class_list":{"0":"post-15257","1":"product","2":"type-product","3":"status-publish","4":"has-post-thumbnail","6":"product_cat-schlingpflanzen","7":"product_tag-naturlichen","8":"pa_altezza-massima-400-de","9":"pa_altezza-massima-600-de","10":"pa_colore-fioritura-rot","11":"pa_condizionamento-clt-de","12":"pa_famiglia-caprifoliaceae-de","13":"pa_genere-lonicera-de","14":"pa_origine-u-s-a","15":"pa_periodo-fioritura-august-de","16":"pa_periodo-fioritura-juli","17":"pa_periodo-fioritura-juni","18":"pa_portamento-schlingpflanze","19":"pa_profumo-zart","20":"pa_resistenza-climatica-mittel-hoch","21":"pa_resistenza-del-suolo-bestandig-gegen-kalkhaltige-boden","22":"pa_resistenza-del-suolo-bestandig-gegen-trockene-boden","23":"pa_utilizzo-kleine-gaerten","25":"first","26":"instock","27":"purchasable","28":"product-type-simple"},"acf":[],"_links":{"self":[{"href":"https:\/\/innocentiemangonipiante.it\/de\/wp-json\/wp\/v2\/product\/15257","targetHints":{"allow":["GET"]}}],"collection":[{"href":"https:\/\/innocentiemangonipiante.it\/de\/wp-json\/wp\/v2\/product"}],"about":[{"href":"https:\/\/innocentiemangonipiante.it\/de\/wp-json\/wp\/v2\/types\/product"}],"wp:featuredmedia":[{"embeddable":true,"href":"https:\/\/innocentiemangonipiante.it\/de\/wp-json\/wp\/v2\/media\/49240"}],"wp:attachment":[{"href":"https:\/\/innocentiemangonipiante.it\/de\/wp-json\/wp\/v2\/media?parent=15257"}],"wp:term":[{"taxonomy":"product_brand","embeddable":true,"href":"https:\/\/innocentiemangonipiante.it\/de\/wp-json\/wp\/v2\/product_brand?post=15257"},{"taxonomy":"product_cat","embeddable":true,"href":"https:\/\/innocentiemangonipiante.it\/de\/wp-json\/wp\/v2\/product_cat?post=15257"},{"taxonomy":"product_tag","embeddable":true,"href":"https:\/\/innocentiemangonipiante.it\/de\/wp-json\/wp\/v2\/product_tag?post=15257"}],"curies":[{"name":"wp","href":"https:\/\/api.w.org\/{rel}","templated":true}]}}