{"id":15258,"date":"2023-11-04T01:41:23","date_gmt":"2023-11-04T00:41:23","guid":{"rendered":"http:\/\/innocentiemangonipiante.it\/lonicera-caprifolium\/"},"modified":"2023-11-06T19:02:12","modified_gmt":"2023-11-06T18:02:12","slug":"lonicera-caprifolium","status":"publish","type":"product","link":"https:\/\/innocentiemangonipiante.it\/de\/lonicera-caprifolium\/","title":{"rendered":"LONICERA caprifolium"},"content":{"rendered":"<p>Sommergr\u00fcne Kletterpflanze mit ovalen bis eif\u00f6rmigen blaugr\u00fcnen Bl\u00e4tter, die paarig angeordnet sind. Aus den Blattachseln wachsen stark duftende r\u00f6hrenf\u00f6rmige Bl\u00fcten, die cremefarben-wei\u00df bis gelblich-rosa sind und zu orangefarbenen roten Beeren f\u00fchren.<\/p>\n","protected":false},"excerpt":{"rendered":"<p>Sommergr\u00fcne Kletterpflanze mit ovalen bis eif\u00f6rmigen blaugr\u00fcnen Bl\u00e4tter, die paarig angeordnet sind. Aus den Blattachseln wachsen stark duftende r\u00f6hrenf\u00f6rmige Bl\u00fcten, die cremefarben-wei\u00df bis gelblich-rosa sind und zu orangefarbenen roten Beeren f\u00fchren.<\/p>\n","protected":false},"featured_media":3790,"template":"","meta":{"_acf_changed":false},"product_brand":[],"product_cat":[8837],"product_tag":[10898],"class_list":{"0":"post-15258","1":"product","2":"type-product","3":"status-publish","4":"has-post-thumbnail","6":"product_cat-schlingpflanzen","7":"product_tag-naturlichen","8":"pa_altezza-massima-400-de","9":"pa_altezza-massima-600-de","10":"pa_colore-fioritura-weis","11":"pa_condizionamento-clt-de","12":"pa_famiglia-caprifoliaceae-de","13":"pa_genere-lonicera-de","14":"pa_origine-kaukasus","15":"pa_periodo-fioritura-august-de","16":"pa_periodo-fioritura-juli","17":"pa_periodo-fioritura-juni","18":"pa_periodo-fioritura-september-de","19":"pa_portamento-schlingpflanze","20":"pa_profumo-zart","21":"pa_resistenza-climatica-sehr-hoch","22":"pa_resistenza-del-suolo-bestandig-gegen-kalkhaltige-boden","23":"pa_resistenza-del-suolo-bestandig-gegen-trockene-boden","24":"pa_utilizzo-balkone","25":"pa_utilizzo-kleine-gaerten","27":"first","28":"instock","29":"purchasable","30":"product-type-simple"},"acf":[],"_links":{"self":[{"href":"https:\/\/innocentiemangonipiante.it\/de\/wp-json\/wp\/v2\/product\/15258","targetHints":{"allow":["GET"]}}],"collection":[{"href":"https:\/\/innocentiemangonipiante.it\/de\/wp-json\/wp\/v2\/product"}],"about":[{"href":"https:\/\/innocentiemangonipiante.it\/de\/wp-json\/wp\/v2\/types\/product"}],"wp:featuredmedia":[{"embeddable":true,"href":"https:\/\/innocentiemangonipiante.it\/de\/wp-json\/wp\/v2\/media\/3790"}],"wp:attachment":[{"href":"https:\/\/innocentiemangonipiante.it\/de\/wp-json\/wp\/v2\/media?parent=15258"}],"wp:term":[{"taxonomy":"product_brand","embeddable":true,"href":"https:\/\/innocentiemangonipiante.it\/de\/wp-json\/wp\/v2\/product_brand?post=15258"},{"taxonomy":"product_cat","embeddable":true,"href":"https:\/\/innocentiemangonipiante.it\/de\/wp-json\/wp\/v2\/product_cat?post=15258"},{"taxonomy":"product_tag","embeddable":true,"href":"https:\/\/innocentiemangonipiante.it\/de\/wp-json\/wp\/v2\/product_tag?post=15258"}],"curies":[{"name":"wp","href":"https:\/\/api.w.org\/{rel}","templated":true}]}}