{"id":15260,"date":"2023-11-04T01:42:35","date_gmt":"2023-11-04T00:42:35","guid":{"rendered":"http:\/\/innocentiemangonipiante.it\/lonicera-x-brownii-dropmore-scarlet\/"},"modified":"2023-11-06T19:02:44","modified_gmt":"2023-11-06T18:02:44","slug":"lonicera-x-brownii-dropmore-scarlet","status":"publish","type":"product","link":"https:\/\/innocentiemangonipiante.it\/de\/lonicera-x-brownii-dropmore-scarlet\/","title":{"rendered":"LONICERA x brownii &#8218;Dropmore Scarlet&#8216;"},"content":{"rendered":"<p>Immergr\u00fcne Kletterpflanze mit ovalen bis eif\u00f6rmigen blaugr\u00fcnen Bl\u00e4tter, die paarig angeordnet sind. Die r\u00f6hrenf\u00f6rmigen orangefarbenen Bl\u00fcten sind aromatisch, sprie\u00dfen im Sommer und f\u00fchren zu roten Beeren.<\/p>\n","protected":false},"excerpt":{"rendered":"<p>Immergr\u00fcne Kletterpflanze mit ovalen bis eif\u00f6rmigen blaugr\u00fcnen Bl\u00e4tter, die paarig angeordnet sind. Die r\u00f6hrenf\u00f6rmigen orangefarbenen Bl\u00fcten sind aromatisch, sprie\u00dfen im Sommer und f\u00fchren zu roten Beeren.<\/p>\n","protected":false},"featured_media":3845,"template":"","meta":{"_acf_changed":false},"product_brand":[],"product_cat":[8837],"product_tag":[10898],"class_list":{"0":"post-15260","1":"product","2":"type-product","3":"status-publish","4":"has-post-thumbnail","6":"product_cat-schlingpflanzen","7":"product_tag-naturlichen","8":"pa_altezza-massima-300-de","9":"pa_altezza-massima-400-de","10":"pa_colore-fioritura-orangefarbenes","11":"pa_condizionamento-clt-de","12":"pa_famiglia-caprifoliaceae-de","13":"pa_genere-lonicera-de","14":"pa_origine-kanada","15":"pa_periodo-fioritura-august-de","16":"pa_periodo-fioritura-juli","17":"pa_periodo-fioritura-juni","18":"pa_periodo-fioritura-mai-de","19":"pa_periodo-fioritura-september-de","20":"pa_portamento-schlingpflanze","21":"pa_profumo-zart","22":"pa_resistenza-climatica-mittel-hoch","23":"pa_resistenza-del-suolo-bestandig-gegen-kalkhaltige-boden","24":"pa_resistenza-del-suolo-bestandig-gegen-trockene-boden","25":"pa_utilizzo-kleine-gaerten","27":"first","28":"instock","29":"purchasable","30":"product-type-simple"},"acf":[],"_links":{"self":[{"href":"https:\/\/innocentiemangonipiante.it\/de\/wp-json\/wp\/v2\/product\/15260","targetHints":{"allow":["GET"]}}],"collection":[{"href":"https:\/\/innocentiemangonipiante.it\/de\/wp-json\/wp\/v2\/product"}],"about":[{"href":"https:\/\/innocentiemangonipiante.it\/de\/wp-json\/wp\/v2\/types\/product"}],"wp:featuredmedia":[{"embeddable":true,"href":"https:\/\/innocentiemangonipiante.it\/de\/wp-json\/wp\/v2\/media\/3845"}],"wp:attachment":[{"href":"https:\/\/innocentiemangonipiante.it\/de\/wp-json\/wp\/v2\/media?parent=15260"}],"wp:term":[{"taxonomy":"product_brand","embeddable":true,"href":"https:\/\/innocentiemangonipiante.it\/de\/wp-json\/wp\/v2\/product_brand?post=15260"},{"taxonomy":"product_cat","embeddable":true,"href":"https:\/\/innocentiemangonipiante.it\/de\/wp-json\/wp\/v2\/product_cat?post=15260"},{"taxonomy":"product_tag","embeddable":true,"href":"https:\/\/innocentiemangonipiante.it\/de\/wp-json\/wp\/v2\/product_tag?post=15260"}],"curies":[{"name":"wp","href":"https:\/\/api.w.org\/{rel}","templated":true}]}}