{"id":15262,"date":"2023-11-04T01:43:28","date_gmt":"2023-11-04T00:43:28","guid":{"rendered":"http:\/\/innocentiemangonipiante.it\/loropetalum-chinense-fire-dance\/"},"modified":"2023-11-06T19:03:24","modified_gmt":"2023-11-06T18:03:24","slug":"loropetalum-chinense-fire-dance","status":"publish","type":"product","link":"https:\/\/innocentiemangonipiante.it\/de\/loropetalum-chinense-fire-dance\/","title":{"rendered":"LOROPETALUM chinense &#8218;Fire Dance&#8216;"},"content":{"rendered":"<p>Immergr\u00fcner Strauch mit purpurroten Bl\u00e4ttern. Purpurrote Bl\u00fcte vom Februar bis April.<\/p>\n","protected":false},"excerpt":{"rendered":"<p>Immergr\u00fcner Strauch mit purpurroten Bl\u00e4ttern. Purpurrote Bl\u00fcte vom Februar bis April.<\/p>\n","protected":false},"featured_media":3866,"template":"","meta":{"_acf_changed":false},"product_brand":[],"product_cat":[8816],"product_tag":[10898,6251,8736,8565,8536,8705,8751],"class_list":{"0":"post-15262","1":"product","2":"type-product","3":"status-publish","4":"has-post-thumbnail","6":"product_cat-hartnaeckige-baeume-und-straeucher","7":"product_tag-naturlichen","8":"product_tag-bonsai-de","9":"product_tag-fusstamm","10":"product_tag-halbstamm","11":"product_tag-kegel","12":"product_tag-kugel","13":"product_tag-spalier","14":"pa_altezza-massima-150-de","15":"pa_altezza-massima-200-de","16":"pa_colore-delle-foglie-roten","17":"pa_colore-fioritura-rose-de","18":"pa_condizionamento-clt-de","19":"pa_condizionamento-jungplanzen","20":"pa_condizionamento-viereckigertops","21":"pa_famiglia-hamamelidaceae-de","22":"pa_genere-loropetalum-de","23":"pa_origine-ostasien","24":"pa_periodo-fioritura-april-de","25":"pa_periodo-fioritura-februar","26":"pa_periodo-fioritura-maerz","27":"pa_portamento-cespuglioso-de","28":"pa_resistenza-climatica-mittel-hoch","29":"pa_utilizzo-balkone","30":"pa_utilizzo-kleine-gaerten","31":"pa_utilizzo-parks-de","33":"first","34":"instock","35":"purchasable","36":"product-type-simple"},"acf":[],"_links":{"self":[{"href":"https:\/\/innocentiemangonipiante.it\/de\/wp-json\/wp\/v2\/product\/15262","targetHints":{"allow":["GET"]}}],"collection":[{"href":"https:\/\/innocentiemangonipiante.it\/de\/wp-json\/wp\/v2\/product"}],"about":[{"href":"https:\/\/innocentiemangonipiante.it\/de\/wp-json\/wp\/v2\/types\/product"}],"wp:featuredmedia":[{"embeddable":true,"href":"https:\/\/innocentiemangonipiante.it\/de\/wp-json\/wp\/v2\/media\/3866"}],"wp:attachment":[{"href":"https:\/\/innocentiemangonipiante.it\/de\/wp-json\/wp\/v2\/media?parent=15262"}],"wp:term":[{"taxonomy":"product_brand","embeddable":true,"href":"https:\/\/innocentiemangonipiante.it\/de\/wp-json\/wp\/v2\/product_brand?post=15262"},{"taxonomy":"product_cat","embeddable":true,"href":"https:\/\/innocentiemangonipiante.it\/de\/wp-json\/wp\/v2\/product_cat?post=15262"},{"taxonomy":"product_tag","embeddable":true,"href":"https:\/\/innocentiemangonipiante.it\/de\/wp-json\/wp\/v2\/product_tag?post=15262"}],"curies":[{"name":"wp","href":"https:\/\/api.w.org\/{rel}","templated":true}]}}