{"id":15263,"date":"2023-11-04T01:43:02","date_gmt":"2023-11-04T00:43:02","guid":{"rendered":"http:\/\/innocentiemangonipiante.it\/loropetalum-chinense-black-pearl\/"},"modified":"2023-11-06T19:02:57","modified_gmt":"2023-11-06T18:02:57","slug":"loropetalum-chinense-black-pearl","status":"publish","type":"product","link":"https:\/\/innocentiemangonipiante.it\/de\/loropetalum-chinense-black-pearl\/","title":{"rendered":"LOROPETALUM chinense &#8218;Black Pearl&#8216; \u00ae"},"content":{"rendered":"<p>Immergr\u00fcner Strauch mit eif\u00f6rmigen dunkelpurpurroten fast schwarzen Bl\u00e4ttern. Im M\u00e4rz-April produziert intensivrosafarbige Bl\u00fcten, die einen sch\u00f6nen Kontrast bilden.<\/p>\n","protected":false},"excerpt":{"rendered":"<p>Immergr\u00fcner Strauch mit eif\u00f6rmigen dunkelpurpurroten fast schwarzen Bl\u00e4ttern. Im M\u00e4rz-April produziert intensivrosafarbige Bl\u00fcten, die einen sch\u00f6nen Kontrast bilden.<\/p>\n","protected":false},"featured_media":3859,"template":"","meta":{"_acf_changed":false},"product_brand":[],"product_cat":[8816],"product_tag":[10898,6251,8736,8565,8401,8536,8705,8498,8751],"class_list":{"0":"post-15263","1":"product","2":"type-product","3":"status-publish","4":"has-post-thumbnail","6":"product_cat-hartnaeckige-baeume-und-straeucher","7":"product_tag-naturlichen","8":"product_tag-bonsai-de","9":"product_tag-fusstamm","10":"product_tag-halbstamm","11":"product_tag-hochstamm","12":"product_tag-kegel","13":"product_tag-kugel","14":"product_tag-mehrstammig-mit-schirmformiger-krone","15":"product_tag-spalier","16":"pa_altezza-massima-100-de","17":"pa_altezza-massima-150-de","18":"pa_colore-delle-foglie-roten","19":"pa_colore-fioritura-rose-de","20":"pa_condizionamento-clt-de","21":"pa_condizionamento-jungplanzen","22":"pa_condizionamento-schale","23":"pa_condizionamento-viereckigertops","24":"pa_famiglia-hamamelidaceae-de","25":"pa_genere-loropetalum-de","26":"pa_origine-u-s-a","27":"pa_periodo-fioritura-april-de","28":"pa_periodo-fioritura-maerz","29":"pa_portamento-cespuglioso-de","30":"pa_resistenza-climatica-sehr-hoch","31":"pa_utilizzo-balkone","32":"pa_utilizzo-kleine-gaerten","33":"pa_utilizzo-parks-de","35":"first","36":"instock","37":"purchasable","38":"product-type-simple"},"acf":[],"_links":{"self":[{"href":"https:\/\/innocentiemangonipiante.it\/de\/wp-json\/wp\/v2\/product\/15263","targetHints":{"allow":["GET"]}}],"collection":[{"href":"https:\/\/innocentiemangonipiante.it\/de\/wp-json\/wp\/v2\/product"}],"about":[{"href":"https:\/\/innocentiemangonipiante.it\/de\/wp-json\/wp\/v2\/types\/product"}],"wp:featuredmedia":[{"embeddable":true,"href":"https:\/\/innocentiemangonipiante.it\/de\/wp-json\/wp\/v2\/media\/3859"}],"wp:attachment":[{"href":"https:\/\/innocentiemangonipiante.it\/de\/wp-json\/wp\/v2\/media?parent=15263"}],"wp:term":[{"taxonomy":"product_brand","embeddable":true,"href":"https:\/\/innocentiemangonipiante.it\/de\/wp-json\/wp\/v2\/product_brand?post=15263"},{"taxonomy":"product_cat","embeddable":true,"href":"https:\/\/innocentiemangonipiante.it\/de\/wp-json\/wp\/v2\/product_cat?post=15263"},{"taxonomy":"product_tag","embeddable":true,"href":"https:\/\/innocentiemangonipiante.it\/de\/wp-json\/wp\/v2\/product_tag?post=15263"}],"curies":[{"name":"wp","href":"https:\/\/api.w.org\/{rel}","templated":true}]}}