{"id":15264,"date":"2023-11-04T01:48:11","date_gmt":"2023-11-04T00:48:11","guid":{"rendered":"http:\/\/innocentiemangonipiante.it\/magnolia-x-satisfaction\/"},"modified":"2023-11-06T19:07:25","modified_gmt":"2023-11-06T18:07:25","slug":"magnolia-x-satisfaction","status":"publish","type":"product","link":"https:\/\/innocentiemangonipiante.it\/de\/magnolia-x-satisfaction\/","title":{"rendered":"MAGNOLIA x \u2018Satisfaction\u2019"},"content":{"rendered":"<p>Laubstrauch mit reichlicher Fr\u00fchlingsbl\u00fcte. Bl\u00fcten von mittlerer bis gro\u00dfer Gr\u00f6\u00dfe in Form eines Kelches, au\u00dfen tiefrot und innen reinwei\u00df.<\/p>\n","protected":false},"excerpt":{"rendered":"<p>Laubstrauch mit reichlicher Fr\u00fchlingsbl\u00fcte. Bl\u00fcten von mittlerer bis gro\u00dfer Gr\u00f6\u00dfe in Form eines Kelches, au\u00dfen tiefrot und innen reinwei\u00df.<\/p>\n","protected":false},"featured_media":3965,"template":"","meta":{"_acf_changed":false},"product_brand":[],"product_cat":[8816],"product_tag":[10898],"class_list":{"0":"post-15264","1":"product","2":"type-product","3":"status-publish","4":"has-post-thumbnail","6":"product_cat-hartnaeckige-baeume-und-straeucher","7":"product_tag-naturlichen","8":"pa_altezza-massima-100-de","9":"pa_altezza-massima-300-de","10":"pa_colore-fioritura-rot","11":"pa_famiglia-magnoliaceae-de","12":"pa_genere-magnolia-de","13":"pa_origine-europe-de","14":"pa_periodo-fioritura-april-de","15":"pa_periodo-fioritura-maerz","16":"pa_portamento-arrotondato-de","17":"pa_profumo-zart","18":"pa_resistenza-climatica-mittel-hoch","19":"pa_utilizzo-kleine-gaerten","21":"first","22":"instock","23":"purchasable","24":"product-type-simple"},"acf":[],"_links":{"self":[{"href":"https:\/\/innocentiemangonipiante.it\/de\/wp-json\/wp\/v2\/product\/15264","targetHints":{"allow":["GET"]}}],"collection":[{"href":"https:\/\/innocentiemangonipiante.it\/de\/wp-json\/wp\/v2\/product"}],"about":[{"href":"https:\/\/innocentiemangonipiante.it\/de\/wp-json\/wp\/v2\/types\/product"}],"wp:featuredmedia":[{"embeddable":true,"href":"https:\/\/innocentiemangonipiante.it\/de\/wp-json\/wp\/v2\/media\/3965"}],"wp:attachment":[{"href":"https:\/\/innocentiemangonipiante.it\/de\/wp-json\/wp\/v2\/media?parent=15264"}],"wp:term":[{"taxonomy":"product_brand","embeddable":true,"href":"https:\/\/innocentiemangonipiante.it\/de\/wp-json\/wp\/v2\/product_brand?post=15264"},{"taxonomy":"product_cat","embeddable":true,"href":"https:\/\/innocentiemangonipiante.it\/de\/wp-json\/wp\/v2\/product_cat?post=15264"},{"taxonomy":"product_tag","embeddable":true,"href":"https:\/\/innocentiemangonipiante.it\/de\/wp-json\/wp\/v2\/product_tag?post=15264"}],"curies":[{"name":"wp","href":"https:\/\/api.w.org\/{rel}","templated":true}]}}