{"id":15269,"date":"2023-11-04T01:46:51","date_gmt":"2023-11-04T00:46:51","guid":{"rendered":"http:\/\/innocentiemangonipiante.it\/magnolia-tripetala\/"},"modified":"2023-11-06T19:06:14","modified_gmt":"2023-11-06T18:06:14","slug":"magnolia-tripetala","status":"publish","type":"product","link":"https:\/\/innocentiemangonipiante.it\/de\/magnolia-tripetala\/","title":{"rendered":"MAGNOLIA tripetala"},"content":{"rendered":"<p>Langsames und unregelm\u00e4\u00dfiges Wachstum. Riesige, mittelgr\u00fcne Bl\u00e4tter mit silbernen Nuancen auf der Unterseite. Am Sommeranfang erscheinen kleine purweisse Bl\u00fcten.<\/p>\n","protected":false},"excerpt":{"rendered":"<p>Langsames und unregelm\u00e4\u00dfiges Wachstum. Riesige, mittelgr\u00fcne Bl\u00e4tter mit silbernen Nuancen auf der Unterseite. Am Sommeranfang erscheinen kleine purweisse Bl\u00fcten.<\/p>\n","protected":false},"featured_media":23062,"template":"","meta":{"_acf_changed":false},"product_brand":[],"product_cat":[8816],"product_tag":[10898],"class_list":{"0":"post-15269","1":"product","2":"type-product","3":"status-publish","4":"has-post-thumbnail","6":"product_cat-hartnaeckige-baeume-und-straeucher","7":"product_tag-naturlichen","8":"pa_altezza-massima-1000-de-2","9":"pa_altezza-massima-15-meter","10":"pa_colore-fioritura-weis","11":"pa_condizionamento-m-de","12":"pa_famiglia-magnoliaceae-de","13":"pa_genere-magnolia-de","14":"pa_origine-u-s-a","15":"pa_periodo-fioritura-juni","16":"pa_portamento-eretto-de","17":"pa_profumo-zart","18":"pa_resistenza-climatica-sehr-hoch","19":"pa_resistenza-del-suolo-bestandigkeit-auf-feuchten-boden","20":"pa_utilizzo-parks-de","22":"first","23":"instock","24":"purchasable","25":"product-type-simple"},"acf":[],"_links":{"self":[{"href":"https:\/\/innocentiemangonipiante.it\/de\/wp-json\/wp\/v2\/product\/15269","targetHints":{"allow":["GET"]}}],"collection":[{"href":"https:\/\/innocentiemangonipiante.it\/de\/wp-json\/wp\/v2\/product"}],"about":[{"href":"https:\/\/innocentiemangonipiante.it\/de\/wp-json\/wp\/v2\/types\/product"}],"wp:featuredmedia":[{"embeddable":true,"href":"https:\/\/innocentiemangonipiante.it\/de\/wp-json\/wp\/v2\/media\/23062"}],"wp:attachment":[{"href":"https:\/\/innocentiemangonipiante.it\/de\/wp-json\/wp\/v2\/media?parent=15269"}],"wp:term":[{"taxonomy":"product_brand","embeddable":true,"href":"https:\/\/innocentiemangonipiante.it\/de\/wp-json\/wp\/v2\/product_brand?post=15269"},{"taxonomy":"product_cat","embeddable":true,"href":"https:\/\/innocentiemangonipiante.it\/de\/wp-json\/wp\/v2\/product_cat?post=15269"},{"taxonomy":"product_tag","embeddable":true,"href":"https:\/\/innocentiemangonipiante.it\/de\/wp-json\/wp\/v2\/product_tag?post=15269"}],"curies":[{"name":"wp","href":"https:\/\/api.w.org\/{rel}","templated":true}]}}