{"id":15270,"date":"2023-11-04T01:47:56","date_gmt":"2023-11-04T00:47:56","guid":{"rendered":"http:\/\/innocentiemangonipiante.it\/magnolia-x-susan\/"},"modified":"2023-11-06T19:07:12","modified_gmt":"2023-11-06T18:07:12","slug":"magnolia-x-susan","status":"publish","type":"product","link":"https:\/\/innocentiemangonipiante.it\/de\/magnolia-x-susan\/","title":{"rendered":"MAGNOLIA x &#8218;Susan&#8216;"},"content":{"rendered":"<p>Sommergr\u00fcner aufrechter Strauch mit gr\u00fcnen eif\u00f6rmigen Bl\u00e4ttern. Mitte Fr\u00fchjahr beginnt die Bl\u00fctezeit mit schmalen kelchf\u00f6rmigen Bl\u00fcten und mit leicht gekr\u00fcmmten purpurroten Kronbl\u00e4ttern, die im Inneren heller sind.<\/p>\n","protected":false},"excerpt":{"rendered":"<p>Sommergr\u00fcner aufrechter Strauch mit gr\u00fcnen eif\u00f6rmigen Bl\u00e4ttern. Mitte Fr\u00fchjahr beginnt die Bl\u00fctezeit mit schmalen kelchf\u00f6rmigen Bl\u00fcten und mit leicht gekr\u00fcmmten purpurroten Kronbl\u00e4ttern, die im Inneren heller sind.<\/p>\n","protected":false},"featured_media":3953,"template":"","meta":{"_acf_changed":false},"product_brand":[],"product_cat":[8816],"product_tag":[10898,8736,8565,8401,8498],"class_list":{"0":"post-15270","1":"product","2":"type-product","3":"status-publish","4":"has-post-thumbnail","6":"product_cat-hartnaeckige-baeume-und-straeucher","7":"product_tag-naturlichen","8":"product_tag-fusstamm","9":"product_tag-halbstamm","10":"product_tag-hochstamm","11":"product_tag-mehrstammig-mit-schirmformiger-krone","12":"pa_altezza-massima-300-de","13":"pa_altezza-massima-500-de","14":"pa_colore-fioritura-rose-de","15":"pa_condizionamento-clt-de","16":"pa_condizionamento-jungplanzen","17":"pa_condizionamento-m-de","18":"pa_condizionamento-schale","19":"pa_condizionamento-viereckigertops","20":"pa_famiglia-magnoliaceae-de","21":"pa_genere-magnolia-de","22":"pa_origine-u-s-a","23":"pa_periodo-fioritura-april-de","24":"pa_periodo-fioritura-maerz","25":"pa_portamento-eretto-de","26":"pa_profumo-zart","27":"pa_resistenza-climatica-sehr-hoch","28":"pa_resistenza-del-suolo-bestandigkeit-auf-feuchten-boden","29":"pa_utilizzo-kleine-gaerten","30":"pa_utilizzo-parks-de","32":"first","33":"instock","34":"purchasable","35":"product-type-simple"},"acf":[],"_links":{"self":[{"href":"https:\/\/innocentiemangonipiante.it\/de\/wp-json\/wp\/v2\/product\/15270","targetHints":{"allow":["GET"]}}],"collection":[{"href":"https:\/\/innocentiemangonipiante.it\/de\/wp-json\/wp\/v2\/product"}],"about":[{"href":"https:\/\/innocentiemangonipiante.it\/de\/wp-json\/wp\/v2\/types\/product"}],"wp:featuredmedia":[{"embeddable":true,"href":"https:\/\/innocentiemangonipiante.it\/de\/wp-json\/wp\/v2\/media\/3953"}],"wp:attachment":[{"href":"https:\/\/innocentiemangonipiante.it\/de\/wp-json\/wp\/v2\/media?parent=15270"}],"wp:term":[{"taxonomy":"product_brand","embeddable":true,"href":"https:\/\/innocentiemangonipiante.it\/de\/wp-json\/wp\/v2\/product_brand?post=15270"},{"taxonomy":"product_cat","embeddable":true,"href":"https:\/\/innocentiemangonipiante.it\/de\/wp-json\/wp\/v2\/product_cat?post=15270"},{"taxonomy":"product_tag","embeddable":true,"href":"https:\/\/innocentiemangonipiante.it\/de\/wp-json\/wp\/v2\/product_tag?post=15270"}],"curies":[{"name":"wp","href":"https:\/\/api.w.org\/{rel}","templated":true}]}}