{"id":15271,"date":"2023-11-04T01:47:49","date_gmt":"2023-11-04T00:47:49","guid":{"rendered":"http:\/\/innocentiemangonipiante.it\/magnolia-x-star-wars\/"},"modified":"2023-11-06T19:07:09","modified_gmt":"2023-11-06T18:07:09","slug":"magnolia-x-star-wars","status":"publish","type":"product","link":"https:\/\/innocentiemangonipiante.it\/de\/magnolia-x-star-wars\/","title":{"rendered":"MAGNOLIA x &#8218;Star Wars&#8216;"},"content":{"rendered":"<p>Die Bl\u00fcte h\u00e4lt von Mitte M\u00e4rz f\u00fcr 6-8 Wochen lang, mit reichhaltiger Menge von intensivrosa-farbigen bis 30 cm breiten Bl\u00fcten.<\/p>\n","protected":false},"excerpt":{"rendered":"<p>Die Bl\u00fcte h\u00e4lt von Mitte M\u00e4rz f\u00fcr 6-8 Wochen lang, mit reichhaltiger Menge von intensivrosa-farbigen bis 30 cm breiten Bl\u00fcten.<\/p>\n","protected":false},"featured_media":3947,"template":"","meta":{"_acf_changed":false},"product_brand":[],"product_cat":[8816],"product_tag":[10898],"class_list":{"0":"post-15271","1":"product","2":"type-product","3":"status-publish","4":"has-post-thumbnail","6":"product_cat-hartnaeckige-baeume-und-straeucher","7":"product_tag-naturlichen","8":"pa_altezza-massima-150-de","9":"pa_altezza-massima-200-de","10":"pa_colore-fioritura-rose-de","11":"pa_condizionamento-m-de","12":"pa_famiglia-magnoliaceae-de","13":"pa_genere-magnolia-de","14":"pa_origine-korea-de-2","15":"pa_periodo-fioritura-april-de","16":"pa_periodo-fioritura-maerz","17":"pa_portamento-arrotondato-de","18":"pa_profumo-zart","19":"pa_resistenza-climatica-sehr-hoch","20":"pa_resistenza-del-suolo-bestandigkeit-auf-feuchten-boden","21":"pa_utilizzo-kleine-gaerten","23":"first","24":"instock","25":"purchasable","26":"product-type-simple"},"acf":[],"_links":{"self":[{"href":"https:\/\/innocentiemangonipiante.it\/de\/wp-json\/wp\/v2\/product\/15271","targetHints":{"allow":["GET"]}}],"collection":[{"href":"https:\/\/innocentiemangonipiante.it\/de\/wp-json\/wp\/v2\/product"}],"about":[{"href":"https:\/\/innocentiemangonipiante.it\/de\/wp-json\/wp\/v2\/types\/product"}],"wp:featuredmedia":[{"embeddable":true,"href":"https:\/\/innocentiemangonipiante.it\/de\/wp-json\/wp\/v2\/media\/3947"}],"wp:attachment":[{"href":"https:\/\/innocentiemangonipiante.it\/de\/wp-json\/wp\/v2\/media?parent=15271"}],"wp:term":[{"taxonomy":"product_brand","embeddable":true,"href":"https:\/\/innocentiemangonipiante.it\/de\/wp-json\/wp\/v2\/product_brand?post=15271"},{"taxonomy":"product_cat","embeddable":true,"href":"https:\/\/innocentiemangonipiante.it\/de\/wp-json\/wp\/v2\/product_cat?post=15271"},{"taxonomy":"product_tag","embeddable":true,"href":"https:\/\/innocentiemangonipiante.it\/de\/wp-json\/wp\/v2\/product_tag?post=15271"}],"curies":[{"name":"wp","href":"https:\/\/api.w.org\/{rel}","templated":true}]}}