{"id":15272,"date":"2023-11-04T01:46:35","date_gmt":"2023-11-04T00:46:35","guid":{"rendered":"http:\/\/innocentiemangonipiante.it\/magnolia-stellata\/"},"modified":"2023-11-06T19:06:02","modified_gmt":"2023-11-06T18:06:02","slug":"magnolia-stellata","status":"publish","type":"product","link":"https:\/\/innocentiemangonipiante.it\/de\/magnolia-stellata\/","title":{"rendered":"MAGNOLIA stellata"},"content":{"rendered":"<p>Sommergr\u00fcner kompakter Strauch mit eif\u00f6rmigen, gr\u00fcnen und umgekehrt lanzettartigen Bl\u00e4ttern. Die sternf\u00f6rmigen Anfang Fr\u00fchjahr sprie\u00dfenden Bl\u00fcten sind wei\u00df, manchmal rosa get\u00f6nt und haben bis zu 15 Kronbl\u00e4ttern.<\/p>\n","protected":false},"excerpt":{"rendered":"<p>Sommergr\u00fcner kompakter Strauch mit eif\u00f6rmigen, gr\u00fcnen und umgekehrt lanzettartigen Bl\u00e4ttern. Die sternf\u00f6rmigen Anfang Fr\u00fchjahr sprie\u00dfenden Bl\u00fcten sind wei\u00df, manchmal rosa get\u00f6nt und haben bis zu 15 Kronbl\u00e4ttern.<\/p>\n","protected":false},"featured_media":3919,"template":"","meta":{"_acf_changed":false},"product_brand":[],"product_cat":[8816],"product_tag":[10898,8736,8565,8401],"class_list":{"0":"post-15272","1":"product","2":"type-product","3":"status-publish","4":"has-post-thumbnail","6":"product_cat-hartnaeckige-baeume-und-straeucher","7":"product_tag-naturlichen","8":"product_tag-fusstamm","9":"product_tag-halbstamm","10":"product_tag-hochstamm","11":"pa_altezza-massima-300-de","12":"pa_altezza-massima-400-de","13":"pa_colore-fioritura-weis","14":"pa_condizionamento-clt-de","15":"pa_condizionamento-jungplanzen","16":"pa_condizionamento-m-de","17":"pa_condizionamento-viereckigertops","18":"pa_famiglia-magnoliaceae-de","19":"pa_genere-magnolia-de","20":"pa_origine-japan-de","21":"pa_periodo-fioritura-april-de","22":"pa_periodo-fioritura-maerz","23":"pa_portamento-arrotondato-de","24":"pa_resistenza-climatica-sehr-hoch","25":"pa_resistenza-del-suolo-bestandigkeit-auf-feuchten-boden","26":"pa_utilizzo-kleine-gaerten","27":"pa_utilizzo-parks-de","29":"first","30":"instock","31":"purchasable","32":"product-type-simple"},"acf":[],"_links":{"self":[{"href":"https:\/\/innocentiemangonipiante.it\/de\/wp-json\/wp\/v2\/product\/15272","targetHints":{"allow":["GET"]}}],"collection":[{"href":"https:\/\/innocentiemangonipiante.it\/de\/wp-json\/wp\/v2\/product"}],"about":[{"href":"https:\/\/innocentiemangonipiante.it\/de\/wp-json\/wp\/v2\/types\/product"}],"wp:featuredmedia":[{"embeddable":true,"href":"https:\/\/innocentiemangonipiante.it\/de\/wp-json\/wp\/v2\/media\/3919"}],"wp:attachment":[{"href":"https:\/\/innocentiemangonipiante.it\/de\/wp-json\/wp\/v2\/media?parent=15272"}],"wp:term":[{"taxonomy":"product_brand","embeddable":true,"href":"https:\/\/innocentiemangonipiante.it\/de\/wp-json\/wp\/v2\/product_brand?post=15272"},{"taxonomy":"product_cat","embeddable":true,"href":"https:\/\/innocentiemangonipiante.it\/de\/wp-json\/wp\/v2\/product_cat?post=15272"},{"taxonomy":"product_tag","embeddable":true,"href":"https:\/\/innocentiemangonipiante.it\/de\/wp-json\/wp\/v2\/product_tag?post=15272"}],"curies":[{"name":"wp","href":"https:\/\/api.w.org\/{rel}","templated":true}]}}