{"id":15274,"date":"2023-11-04T01:48:37","date_gmt":"2023-11-04T00:48:37","guid":{"rendered":"http:\/\/innocentiemangonipiante.it\/magnolia-x-soulangeana\/"},"modified":"2023-11-06T19:07:37","modified_gmt":"2023-11-06T18:07:37","slug":"magnolia-x-soulangeana","status":"publish","type":"product","link":"https:\/\/innocentiemangonipiante.it\/de\/magnolia-x-soulangeana\/","title":{"rendered":"MAGNOLIA x soulangeana"},"content":{"rendered":"<p>Sommergr\u00fcner Strauch mit elliptischen bis eif\u00f6rmigen dunkelgr\u00fcnen Bl\u00e4ttern.Vor dem Blattwachstum und w\u00e4hrend des Blattwachstums gro\u00dfe kelchf\u00f6rmige purpurrote bis rein wei\u00dfe Bl\u00fcten.<\/p>\n","protected":false},"excerpt":{"rendered":"<p>Sommergr\u00fcner Strauch mit elliptischen bis eif\u00f6rmigen dunkelgr\u00fcnen Bl\u00e4ttern.Vor dem Blattwachstum und w\u00e4hrend des Blattwachstums gro\u00dfe kelchf\u00f6rmige purpurrote bis rein wei\u00dfe Bl\u00fcten.<\/p>\n","protected":false},"featured_media":3971,"template":"","meta":{"_acf_changed":false},"product_brand":[],"product_cat":[8816],"product_tag":[10898,8565,8401],"class_list":{"0":"post-15274","1":"product","2":"type-product","3":"status-publish","4":"has-post-thumbnail","6":"product_cat-hartnaeckige-baeume-und-straeucher","7":"product_tag-naturlichen","8":"product_tag-halbstamm","9":"product_tag-hochstamm","10":"pa_altezza-massima-400-de","11":"pa_altezza-massima-600-de","12":"pa_colore-fioritura-rose-de","13":"pa_condizionamento-clt-de","14":"pa_condizionamento-jungplanzen","15":"pa_condizionamento-m-de","16":"pa_condizionamento-viereckigertops","17":"pa_famiglia-magnoliaceae-de","18":"pa_genere-magnolia-de","19":"pa_origine-frankreich","20":"pa_periodo-fioritura-april-de","21":"pa_periodo-fioritura-maerz","22":"pa_portamento-eretto-de","23":"pa_profumo-zart","24":"pa_resistenza-climatica-sehr-hoch","25":"pa_resistenza-del-suolo-bestandigkeit-auf-feuchten-boden","26":"pa_utilizzo-kleine-gaerten","27":"pa_utilizzo-parks-de","29":"first","30":"instock","31":"purchasable","32":"product-type-simple"},"acf":[],"_links":{"self":[{"href":"https:\/\/innocentiemangonipiante.it\/de\/wp-json\/wp\/v2\/product\/15274","targetHints":{"allow":["GET"]}}],"collection":[{"href":"https:\/\/innocentiemangonipiante.it\/de\/wp-json\/wp\/v2\/product"}],"about":[{"href":"https:\/\/innocentiemangonipiante.it\/de\/wp-json\/wp\/v2\/types\/product"}],"wp:featuredmedia":[{"embeddable":true,"href":"https:\/\/innocentiemangonipiante.it\/de\/wp-json\/wp\/v2\/media\/3971"}],"wp:attachment":[{"href":"https:\/\/innocentiemangonipiante.it\/de\/wp-json\/wp\/v2\/media?parent=15274"}],"wp:term":[{"taxonomy":"product_brand","embeddable":true,"href":"https:\/\/innocentiemangonipiante.it\/de\/wp-json\/wp\/v2\/product_brand?post=15274"},{"taxonomy":"product_cat","embeddable":true,"href":"https:\/\/innocentiemangonipiante.it\/de\/wp-json\/wp\/v2\/product_cat?post=15274"},{"taxonomy":"product_tag","embeddable":true,"href":"https:\/\/innocentiemangonipiante.it\/de\/wp-json\/wp\/v2\/product_tag?post=15274"}],"curies":[{"name":"wp","href":"https:\/\/api.w.org\/{rel}","templated":true}]}}