{"id":15277,"date":"2023-11-04T01:47:36","date_gmt":"2023-11-04T00:47:36","guid":{"rendered":"http:\/\/innocentiemangonipiante.it\/magnolia-x-heaven-scent\/"},"modified":"2023-11-06T19:07:01","modified_gmt":"2023-11-06T18:07:01","slug":"magnolia-x-heaven-scent","status":"publish","type":"product","link":"https:\/\/innocentiemangonipiante.it\/de\/magnolia-x-heaven-scent\/","title":{"rendered":"MAGNOLIA x &#8218;Heaven Scent&#8216;"},"content":{"rendered":"<p>Elliptische, gl\u00e4nzende, mittelgr\u00fcnfarbige, bis 20cm lange Bl\u00e4tter. Ab Mitte Fr\u00fchling h\u00e4ngen an seinen Zweigen kelchf\u00f6rmige Bl\u00fcten, innen Wei\u00df, au\u00dfen Rosa.<\/p>\n","protected":false},"excerpt":{"rendered":"<p>Elliptische, gl\u00e4nzende, mittelgr\u00fcnfarbige, bis 20cm lange Bl\u00e4tter. Ab Mitte Fr\u00fchling h\u00e4ngen an seinen Zweigen kelchf\u00f6rmige Bl\u00fcten, innen Wei\u00df, au\u00dfen Rosa.<\/p>\n","protected":false},"featured_media":23101,"template":"","meta":{"_acf_changed":false},"product_brand":[],"product_cat":[8816],"product_tag":[10898,8565,8401],"class_list":{"0":"post-15277","1":"product","2":"type-product","3":"status-publish","4":"has-post-thumbnail","6":"product_cat-hartnaeckige-baeume-und-straeucher","7":"product_tag-naturlichen","8":"product_tag-halbstamm","9":"product_tag-hochstamm","10":"pa_altezza-massima-800-de","11":"pa_altezza-massima-1000-de-2","12":"pa_colore-fioritura-rose-de","13":"pa_condizionamento-clt-de","14":"pa_condizionamento-jungplanzen","15":"pa_condizionamento-m-de","16":"pa_condizionamento-viereckigertops","17":"pa_famiglia-magnoliaceae-de","18":"pa_genere-magnolia-de","19":"pa_origine-asien","20":"pa_periodo-fioritura-april-de","21":"pa_periodo-fioritura-maerz","22":"pa_portamento-conico-de","23":"pa_profumo-intensiv","24":"pa_resistenza-climatica-sehr-hoch","25":"pa_resistenza-del-suolo-bestandigkeit-auf-feuchten-boden","26":"pa_utilizzo-alleen","27":"pa_utilizzo-kleine-gaerten","28":"pa_utilizzo-parks-de","30":"first","31":"instock","32":"purchasable","33":"product-type-simple"},"acf":[],"_links":{"self":[{"href":"https:\/\/innocentiemangonipiante.it\/de\/wp-json\/wp\/v2\/product\/15277","targetHints":{"allow":["GET"]}}],"collection":[{"href":"https:\/\/innocentiemangonipiante.it\/de\/wp-json\/wp\/v2\/product"}],"about":[{"href":"https:\/\/innocentiemangonipiante.it\/de\/wp-json\/wp\/v2\/types\/product"}],"wp:featuredmedia":[{"embeddable":true,"href":"https:\/\/innocentiemangonipiante.it\/de\/wp-json\/wp\/v2\/media\/23101"}],"wp:attachment":[{"href":"https:\/\/innocentiemangonipiante.it\/de\/wp-json\/wp\/v2\/media?parent=15277"}],"wp:term":[{"taxonomy":"product_brand","embeddable":true,"href":"https:\/\/innocentiemangonipiante.it\/de\/wp-json\/wp\/v2\/product_brand?post=15277"},{"taxonomy":"product_cat","embeddable":true,"href":"https:\/\/innocentiemangonipiante.it\/de\/wp-json\/wp\/v2\/product_cat?post=15277"},{"taxonomy":"product_tag","embeddable":true,"href":"https:\/\/innocentiemangonipiante.it\/de\/wp-json\/wp\/v2\/product_tag?post=15277"}],"curies":[{"name":"wp","href":"https:\/\/api.w.org\/{rel}","templated":true}]}}