{"id":15279,"date":"2023-11-04T01:45:26","date_gmt":"2023-11-04T00:45:26","guid":{"rendered":"http:\/\/innocentiemangonipiante.it\/magnolia-grandiflora-little-gem\/"},"modified":"2023-11-06T19:05:09","modified_gmt":"2023-11-06T18:05:09","slug":"magnolia-grandiflora-little-gem","status":"publish","type":"product","link":"https:\/\/innocentiemangonipiante.it\/de\/magnolia-grandiflora-little-gem\/","title":{"rendered":"MAGNOLIA grandiflora &#8218;Little Gem&#8216;"},"content":{"rendered":"<p>Immergr\u00fcn, kompakt und aufragend, sehr langsames Wachstum. Die dunkelgr\u00fcnen Bl\u00e4tter sind elliptisch und gewellt und an der Unterseite rostbraun. Die Bl\u00fctezeit dauert vom Sommer \u00fcber den ganzen Herbst, auch bei jungen Pflanzen.<\/p>\n","protected":false},"excerpt":{"rendered":"<p>Immergr\u00fcn, kompakt und aufragend, sehr langsames Wachstum. Die dunkelgr\u00fcnen Bl\u00e4tter sind elliptisch und gewellt und an der Unterseite rostbraun. Die Bl\u00fctezeit dauert vom Sommer \u00fcber den ganzen Herbst, auch bei jungen Pflanzen.<\/p>\n","protected":false},"featured_media":23037,"template":"","meta":{"_acf_changed":false},"product_brand":[],"product_cat":[8816,9231],"product_tag":[10898,8565,8401],"class_list":{"0":"post-15279","1":"product","2":"type-product","3":"status-publish","4":"has-post-thumbnail","6":"product_cat-hartnaeckige-baeume-und-straeucher","7":"product_cat-baume-und-pflanzen-der-zukunft","8":"product_tag-naturlichen","9":"product_tag-halbstamm","10":"product_tag-hochstamm","11":"pa_altezza-massima-300-de","12":"pa_altezza-massima-400-de","13":"pa_arte-topiaria-verfuegbar-formgehoelze","14":"pa_colore-fioritura-weis","15":"pa_condizionamento-clt-de","16":"pa_condizionamento-jungplanzen","17":"pa_famiglia-magnoliaceae-de","18":"pa_genere-magnolia-de","19":"pa_origine-u-s-a","20":"pa_periodo-fioritura-august-de","21":"pa_periodo-fioritura-juli","22":"pa_periodo-fioritura-oktober","23":"pa_periodo-fioritura-september-de","24":"pa_portamento-conico-de","25":"pa_profumo-intensiv","26":"pa_resistenza-climatica-mittel","27":"pa_salinita-bestaendigkeit-in-meeresluft","28":"pa_utilizzo-kleine-gaerten","30":"first","31":"instock","32":"purchasable","33":"product-type-simple"},"acf":[],"_links":{"self":[{"href":"https:\/\/innocentiemangonipiante.it\/de\/wp-json\/wp\/v2\/product\/15279","targetHints":{"allow":["GET"]}}],"collection":[{"href":"https:\/\/innocentiemangonipiante.it\/de\/wp-json\/wp\/v2\/product"}],"about":[{"href":"https:\/\/innocentiemangonipiante.it\/de\/wp-json\/wp\/v2\/types\/product"}],"wp:featuredmedia":[{"embeddable":true,"href":"https:\/\/innocentiemangonipiante.it\/de\/wp-json\/wp\/v2\/media\/23037"}],"wp:attachment":[{"href":"https:\/\/innocentiemangonipiante.it\/de\/wp-json\/wp\/v2\/media?parent=15279"}],"wp:term":[{"taxonomy":"product_brand","embeddable":true,"href":"https:\/\/innocentiemangonipiante.it\/de\/wp-json\/wp\/v2\/product_brand?post=15279"},{"taxonomy":"product_cat","embeddable":true,"href":"https:\/\/innocentiemangonipiante.it\/de\/wp-json\/wp\/v2\/product_cat?post=15279"},{"taxonomy":"product_tag","embeddable":true,"href":"https:\/\/innocentiemangonipiante.it\/de\/wp-json\/wp\/v2\/product_tag?post=15279"}],"curies":[{"name":"wp","href":"https:\/\/api.w.org\/{rel}","templated":true}]}}