{"id":15280,"date":"2023-11-04T01:45:06","date_gmt":"2023-11-04T00:45:06","guid":{"rendered":"http:\/\/innocentiemangonipiante.it\/magnolia-grandiflora-galissoniensis-praecox\/"},"modified":"2023-11-06T19:04:43","modified_gmt":"2023-11-06T18:04:43","slug":"magnolia-grandiflora-galissoniensis-praecox","status":"publish","type":"product","link":"https:\/\/innocentiemangonipiante.it\/de\/magnolia-grandiflora-galissoniensis-praecox\/","title":{"rendered":"MAGNOLIA grandiflora &#8218;Galissoniensis Praecox&#8216;"},"content":{"rendered":"<p>Veredelung mit \u00e4hnlichen Eigenschaften wie die von M.g.Galissoniensis. Die Bl\u00e4tter sind etwas kleiner und leicht gewellt. Die Besonderheit liegt in der gro\u00dfen und reichhaltigen Bl\u00fcte, die ab dem 2\u00b0-3\u00b0 Lebensjahr der Pflanze einsetzt.<\/p>\n","protected":false},"excerpt":{"rendered":"<p>Veredelung mit \u00e4hnlichen Eigenschaften wie die von M.g.Galissoniensis. Die Bl\u00e4tter sind etwas kleiner und leicht gewellt. Die Besonderheit liegt in der gro\u00dfen und reichhaltigen Bl\u00fcte, die ab dem 2\u00b0-3\u00b0 Lebensjahr der Pflanze einsetzt.<\/p>\n","protected":false},"featured_media":3891,"template":"","meta":{"_acf_changed":false},"product_brand":[],"product_cat":[8816,9231],"product_tag":[10898,8565,8401,8425,8544],"class_list":{"0":"post-15280","1":"product","2":"type-product","3":"status-publish","4":"has-post-thumbnail","6":"product_cat-hartnaeckige-baeume-und-straeucher","7":"product_cat-baume-und-pflanzen-der-zukunft","8":"product_tag-naturlichen","9":"product_tag-halbstamm","10":"product_tag-hochstamm","11":"product_tag-hochstamm-spalier","12":"product_tag-solitar","13":"pa_altezza-massima-800-de","14":"pa_altezza-massima-12-meter","15":"pa_arte-topiaria-verfuegbar-formgehoelze","16":"pa_colore-fioritura-weis","17":"pa_condizionamento-clt-de","18":"pa_condizionamento-jungplanzen","19":"pa_condizionamento-m-de","20":"pa_famiglia-magnoliaceae-de","21":"pa_genere-magnolia-de","22":"pa_origine-u-s-a","23":"pa_periodo-fioritura-juli","24":"pa_periodo-fioritura-juni","25":"pa_portamento-piramidale-de","26":"pa_profumo-intensiv","27":"pa_resistenza-climatica-mittel-hoch","28":"pa_utilizzo-parks-de","30":"first","31":"instock","32":"purchasable","33":"product-type-simple"},"acf":[],"_links":{"self":[{"href":"https:\/\/innocentiemangonipiante.it\/de\/wp-json\/wp\/v2\/product\/15280","targetHints":{"allow":["GET"]}}],"collection":[{"href":"https:\/\/innocentiemangonipiante.it\/de\/wp-json\/wp\/v2\/product"}],"about":[{"href":"https:\/\/innocentiemangonipiante.it\/de\/wp-json\/wp\/v2\/types\/product"}],"wp:featuredmedia":[{"embeddable":true,"href":"https:\/\/innocentiemangonipiante.it\/de\/wp-json\/wp\/v2\/media\/3891"}],"wp:attachment":[{"href":"https:\/\/innocentiemangonipiante.it\/de\/wp-json\/wp\/v2\/media?parent=15280"}],"wp:term":[{"taxonomy":"product_brand","embeddable":true,"href":"https:\/\/innocentiemangonipiante.it\/de\/wp-json\/wp\/v2\/product_brand?post=15280"},{"taxonomy":"product_cat","embeddable":true,"href":"https:\/\/innocentiemangonipiante.it\/de\/wp-json\/wp\/v2\/product_cat?post=15280"},{"taxonomy":"product_tag","embeddable":true,"href":"https:\/\/innocentiemangonipiante.it\/de\/wp-json\/wp\/v2\/product_tag?post=15280"}],"curies":[{"name":"wp","href":"https:\/\/api.w.org\/{rel}","templated":true}]}}