{"id":15281,"date":"2023-11-04T01:45:15","date_gmt":"2023-11-04T00:45:15","guid":{"rendered":"http:\/\/innocentiemangonipiante.it\/magnolia-grandiflora-galissoniensis\/"},"modified":"2023-11-06T19:04:53","modified_gmt":"2023-11-06T18:04:53","slug":"magnolia-grandiflora-galissoniensis","status":"publish","type":"product","link":"https:\/\/innocentiemangonipiante.it\/de\/magnolia-grandiflora-galissoniensis\/","title":{"rendered":"MAGNOLIA grandiflora &#8218;Galissoniensis&#8216;"},"content":{"rendered":"<p>Immergr\u00fcner zur Kegelform neigender Baum mit ledernen elliptischen oder eif\u00f6rmigen Bl\u00e4ttern. Die Oberseite ist leuchtend gr\u00fcn, w\u00e4hrend die Unterseite rostfarben und oft mit Flaum bedeckt ist. Im Sommer bl\u00fchen gro\u00dfe cremewei\u00dfe sehr aromatische becherf\u00f6rmige Bl\u00fcten.<\/p>\n","protected":false},"excerpt":{"rendered":"<p>Immergr\u00fcner zur Kegelform neigender Baum mit ledernen elliptischen oder eif\u00f6rmigen Bl\u00e4ttern. Die Oberseite ist leuchtend gr\u00fcn, w\u00e4hrend die Unterseite rostfarben und oft mit Flaum bedeckt ist. Im Sommer bl\u00fchen gro\u00dfe cremewei\u00dfe sehr aromatische becherf\u00f6rmige Bl\u00fcten.<\/p>\n","protected":false},"featured_media":23026,"template":"","meta":{"_acf_changed":false},"product_brand":[],"product_cat":[8816],"product_tag":[10898,8565,8581,8401,8425,8544],"class_list":{"0":"post-15281","1":"product","2":"type-product","3":"status-publish","4":"has-post-thumbnail","6":"product_cat-hartnaeckige-baeume-und-straeucher","7":"product_tag-naturlichen","8":"product_tag-halbstamm","9":"product_tag-halbstamm-spalier","10":"product_tag-hochstamm","11":"product_tag-hochstamm-spalier","12":"product_tag-solitar","13":"pa_altezza-massima-15-meter","14":"pa_altezza-massima-20-meter","15":"pa_colore-fioritura-weis","16":"pa_condizionamento-clt-de","17":"pa_condizionamento-jungplanzen","18":"pa_condizionamento-m-de","19":"pa_famiglia-magnoliaceae-de","20":"pa_genere-magnolia-de","21":"pa_origine-u-s-a","22":"pa_periodo-fioritura-juli","23":"pa_periodo-fioritura-juni","24":"pa_portamento-piramidale-de","25":"pa_profumo-intensiv","26":"pa_resistenza-climatica-mittel-hoch","27":"pa_utilizzo-parks-de","29":"first","30":"instock","31":"purchasable","32":"product-type-simple"},"acf":[],"_links":{"self":[{"href":"https:\/\/innocentiemangonipiante.it\/de\/wp-json\/wp\/v2\/product\/15281","targetHints":{"allow":["GET"]}}],"collection":[{"href":"https:\/\/innocentiemangonipiante.it\/de\/wp-json\/wp\/v2\/product"}],"about":[{"href":"https:\/\/innocentiemangonipiante.it\/de\/wp-json\/wp\/v2\/types\/product"}],"wp:featuredmedia":[{"embeddable":true,"href":"https:\/\/innocentiemangonipiante.it\/de\/wp-json\/wp\/v2\/media\/23026"}],"wp:attachment":[{"href":"https:\/\/innocentiemangonipiante.it\/de\/wp-json\/wp\/v2\/media?parent=15281"}],"wp:term":[{"taxonomy":"product_brand","embeddable":true,"href":"https:\/\/innocentiemangonipiante.it\/de\/wp-json\/wp\/v2\/product_brand?post=15281"},{"taxonomy":"product_cat","embeddable":true,"href":"https:\/\/innocentiemangonipiante.it\/de\/wp-json\/wp\/v2\/product_cat?post=15281"},{"taxonomy":"product_tag","embeddable":true,"href":"https:\/\/innocentiemangonipiante.it\/de\/wp-json\/wp\/v2\/product_tag?post=15281"}],"curies":[{"name":"wp","href":"https:\/\/api.w.org\/{rel}","templated":true}]}}