{"id":15283,"date":"2023-11-04T01:44:51","date_gmt":"2023-11-04T00:44:51","guid":{"rendered":"http:\/\/innocentiemangonipiante.it\/magnolia-grandiflora-alta\/"},"modified":"2023-11-06T19:04:31","modified_gmt":"2023-11-06T18:04:31","slug":"magnolia-grandiflora-alta","status":"publish","type":"product","link":"https:\/\/innocentiemangonipiante.it\/de\/magnolia-grandiflora-alta\/","title":{"rendered":"MAGNOLIA grandiflora &#8218;Alta&#8216; \u00ae"},"content":{"rendered":"<p>Pr\u00e4chtige Sorte mit dichtem Wuchs und strikt s\u00e4ulenf\u00f6rmiger Auspr\u00e4gung. Zu Sommerbeginnt bringt sie gro\u00dfe, cremewei\u00dfe und stark duftende Bl\u00fcten (20-25 cm) hervor. Die immergr\u00fcnen Bl\u00e4tter sind im Vergleich zu den \u00fcblichen Bl\u00e4ttern dieser Art schmaler, intensiv gr\u00fcn, gl\u00e4nzend an der Oberseite und rostbraun an der Unterseite.<\/p>\n","protected":false},"excerpt":{"rendered":"<p>Pr\u00e4chtige Sorte mit dichtem Wuchs und strikt s\u00e4ulenf\u00f6rmiger Auspr\u00e4gung. Zu Sommerbeginnt bringt sie gro\u00dfe, cremewei\u00dfe und stark duftende Bl\u00fcten (20-25 cm) hervor. Die immergr\u00fcnen Bl\u00e4tter sind im Vergleich zu den \u00fcblichen Bl\u00e4ttern dieser Art schmaler, intensiv gr\u00fcn, gl\u00e4nzend an der Oberseite und rostbraun an der Unterseite.<\/p>\n","protected":false},"featured_media":3879,"template":"","meta":{"_acf_changed":false},"product_brand":[],"product_cat":[8816],"product_tag":[10898,8401],"class_list":{"0":"post-15283","1":"product","2":"type-product","3":"status-publish","4":"has-post-thumbnail","6":"product_cat-hartnaeckige-baeume-und-straeucher","7":"product_tag-naturlichen","8":"product_tag-hochstamm","9":"pa_altezza-massima-300-de","10":"pa_altezza-massima-500-de","11":"pa_colore-fioritura-weis","12":"pa_condizionamento-clt-de","13":"pa_condizionamento-jungplanzen","14":"pa_famiglia-magnoliaceae-de","15":"pa_genere-magnolia-de","16":"pa_origine-u-s-a","17":"pa_periodo-fioritura-juli","18":"pa_periodo-fioritura-juni","19":"pa_portamento-saulenformig","20":"pa_profumo-intensiv","21":"pa_resistenza-climatica-sehr-hoch","22":"pa_resistenza-del-suolo-bestandigkeit-auf-feuchten-boden","23":"pa_utilizzo-kleine-gaerten","25":"first","26":"instock","27":"purchasable","28":"product-type-simple"},"acf":[],"_links":{"self":[{"href":"https:\/\/innocentiemangonipiante.it\/de\/wp-json\/wp\/v2\/product\/15283","targetHints":{"allow":["GET"]}}],"collection":[{"href":"https:\/\/innocentiemangonipiante.it\/de\/wp-json\/wp\/v2\/product"}],"about":[{"href":"https:\/\/innocentiemangonipiante.it\/de\/wp-json\/wp\/v2\/types\/product"}],"wp:featuredmedia":[{"embeddable":true,"href":"https:\/\/innocentiemangonipiante.it\/de\/wp-json\/wp\/v2\/media\/3879"}],"wp:attachment":[{"href":"https:\/\/innocentiemangonipiante.it\/de\/wp-json\/wp\/v2\/media?parent=15283"}],"wp:term":[{"taxonomy":"product_brand","embeddable":true,"href":"https:\/\/innocentiemangonipiante.it\/de\/wp-json\/wp\/v2\/product_brand?post=15283"},{"taxonomy":"product_cat","embeddable":true,"href":"https:\/\/innocentiemangonipiante.it\/de\/wp-json\/wp\/v2\/product_cat?post=15283"},{"taxonomy":"product_tag","embeddable":true,"href":"https:\/\/innocentiemangonipiante.it\/de\/wp-json\/wp\/v2\/product_tag?post=15283"}],"curies":[{"name":"wp","href":"https:\/\/api.w.org\/{rel}","templated":true}]}}