{"id":15286,"date":"2023-11-04T01:47:10","date_gmt":"2023-11-04T00:47:10","guid":{"rendered":"http:\/\/innocentiemangonipiante.it\/magnolia-x-elizabeth\/"},"modified":"2023-11-06T19:06:23","modified_gmt":"2023-11-06T18:06:23","slug":"magnolia-x-elizabeth","status":"publish","type":"product","link":"https:\/\/innocentiemangonipiante.it\/de\/magnolia-x-elizabeth\/","title":{"rendered":"MAGNOLIA x &#8218;Elizabeth&#8216;"},"content":{"rendered":"<p>Gro\u00dfer sommergr\u00fcner, kegelf\u00f6miger Strauch mit eif\u00f6rmigen dunkelgr\u00fcnen, bis 20 cm langen Bl\u00e4ttern. Kelchf\u00f6rmige, bis 15 cm lange, hellgelbe Bl\u00fcten.<\/p>\n","protected":false},"excerpt":{"rendered":"<p>Gro\u00dfer sommergr\u00fcner, kegelf\u00f6miger Strauch mit eif\u00f6rmigen dunkelgr\u00fcnen, bis 20 cm langen Bl\u00e4ttern. Kelchf\u00f6rmige, bis 15 cm lange, hellgelbe Bl\u00fcten.<\/p>\n","protected":false},"featured_media":3932,"template":"","meta":{"_acf_changed":false},"product_brand":[],"product_cat":[8816],"product_tag":[10898,8401],"class_list":{"0":"post-15286","1":"product","2":"type-product","3":"status-publish","4":"has-post-thumbnail","6":"product_cat-hartnaeckige-baeume-und-straeucher","7":"product_tag-naturlichen","8":"product_tag-hochstamm","9":"pa_altezza-massima-800-de","10":"pa_altezza-massima-1000-de-2","11":"pa_colore-fioritura-gelbe","12":"pa_condizionamento-m-de","13":"pa_famiglia-magnoliaceae-de","14":"pa_genere-magnolia-de","15":"pa_origine-europe-de","16":"pa_periodo-fioritura-april-de","17":"pa_periodo-fioritura-maerz","18":"pa_portamento-piramidale-de","19":"pa_profumo-intensiv","20":"pa_resistenza-climatica-mittel-hoch","21":"pa_resistenza-del-suolo-bestandigkeit-auf-feuchten-boden","22":"pa_utilizzo-parks-de","24":"first","25":"instock","26":"purchasable","27":"product-type-simple"},"acf":[],"_links":{"self":[{"href":"https:\/\/innocentiemangonipiante.it\/de\/wp-json\/wp\/v2\/product\/15286","targetHints":{"allow":["GET"]}}],"collection":[{"href":"https:\/\/innocentiemangonipiante.it\/de\/wp-json\/wp\/v2\/product"}],"about":[{"href":"https:\/\/innocentiemangonipiante.it\/de\/wp-json\/wp\/v2\/types\/product"}],"wp:featuredmedia":[{"embeddable":true,"href":"https:\/\/innocentiemangonipiante.it\/de\/wp-json\/wp\/v2\/media\/3932"}],"wp:attachment":[{"href":"https:\/\/innocentiemangonipiante.it\/de\/wp-json\/wp\/v2\/media?parent=15286"}],"wp:term":[{"taxonomy":"product_brand","embeddable":true,"href":"https:\/\/innocentiemangonipiante.it\/de\/wp-json\/wp\/v2\/product_brand?post=15286"},{"taxonomy":"product_cat","embeddable":true,"href":"https:\/\/innocentiemangonipiante.it\/de\/wp-json\/wp\/v2\/product_cat?post=15286"},{"taxonomy":"product_tag","embeddable":true,"href":"https:\/\/innocentiemangonipiante.it\/de\/wp-json\/wp\/v2\/product_tag?post=15286"}],"curies":[{"name":"wp","href":"https:\/\/api.w.org\/{rel}","templated":true}]}}