{"id":15288,"date":"2023-11-04T01:47:03","date_gmt":"2023-11-04T00:47:03","guid":{"rendered":"http:\/\/innocentiemangonipiante.it\/magnolia-x-betty\/"},"modified":"2023-11-06T19:06:20","modified_gmt":"2023-11-06T18:06:20","slug":"magnolia-x-betty","status":"publish","type":"product","link":"https:\/\/innocentiemangonipiante.it\/de\/magnolia-x-betty\/","title":{"rendered":"MAGNOLIA x &#8218;Betty&#8216;"},"content":{"rendered":"<p>Sommergr\u00fcner, kugelf\u00f6rmiger und kr\u00e4ftiger Strauch mit ovalen, bis 15 Cm mittelgr\u00fcnen Bl\u00e4ttern. Mitte Fr\u00fchling produziert, vor dem Bl\u00e4ttertrieb, gro\u00dfe kelchf\u00f6rmige bis 20 Cm breite Bl\u00fcten, die innerlich wei\u00df und \u00e4u\u00dferlich purpurrot gef\u00e4rbt sind.<\/p>\n","protected":false},"excerpt":{"rendered":"<p>Sommergr\u00fcner, kugelf\u00f6rmiger und kr\u00e4ftiger Strauch mit ovalen, bis 15 Cm mittelgr\u00fcnen Bl\u00e4ttern. Mitte Fr\u00fchling produziert, vor dem Bl\u00e4ttertrieb, gro\u00dfe kelchf\u00f6rmige bis 20 Cm breite Bl\u00fcten, die innerlich wei\u00df und \u00e4u\u00dferlich purpurrot gef\u00e4rbt sind.<\/p>\n","protected":false},"featured_media":3926,"template":"","meta":{"_acf_changed":false},"product_brand":[],"product_cat":[8816],"product_tag":[10898],"class_list":{"0":"post-15288","1":"product","2":"type-product","3":"status-publish","4":"has-post-thumbnail","6":"product_cat-hartnaeckige-baeume-und-straeucher","7":"product_tag-naturlichen","8":"pa_altezza-massima-300-de","9":"pa_altezza-massima-500-de","10":"pa_colore-fioritura-rot","11":"pa_condizionamento-clt-de","12":"pa_famiglia-magnoliaceae-de","13":"pa_genere-magnolia-de","14":"pa_origine-u-s-a","15":"pa_periodo-fioritura-april-de","16":"pa_periodo-fioritura-maerz","17":"pa_portamento-arrotondato-de","18":"pa_profumo-zart","19":"pa_resistenza-climatica-sehr-hoch","20":"pa_resistenza-del-suolo-bestandigkeit-auf-feuchten-boden","21":"pa_utilizzo-kleine-gaerten","23":"first","24":"instock","25":"purchasable","26":"product-type-simple"},"acf":[],"_links":{"self":[{"href":"https:\/\/innocentiemangonipiante.it\/de\/wp-json\/wp\/v2\/product\/15288","targetHints":{"allow":["GET"]}}],"collection":[{"href":"https:\/\/innocentiemangonipiante.it\/de\/wp-json\/wp\/v2\/product"}],"about":[{"href":"https:\/\/innocentiemangonipiante.it\/de\/wp-json\/wp\/v2\/types\/product"}],"wp:featuredmedia":[{"embeddable":true,"href":"https:\/\/innocentiemangonipiante.it\/de\/wp-json\/wp\/v2\/media\/3926"}],"wp:attachment":[{"href":"https:\/\/innocentiemangonipiante.it\/de\/wp-json\/wp\/v2\/media?parent=15288"}],"wp:term":[{"taxonomy":"product_brand","embeddable":true,"href":"https:\/\/innocentiemangonipiante.it\/de\/wp-json\/wp\/v2\/product_brand?post=15288"},{"taxonomy":"product_cat","embeddable":true,"href":"https:\/\/innocentiemangonipiante.it\/de\/wp-json\/wp\/v2\/product_cat?post=15288"},{"taxonomy":"product_tag","embeddable":true,"href":"https:\/\/innocentiemangonipiante.it\/de\/wp-json\/wp\/v2\/product_tag?post=15288"}],"curies":[{"name":"wp","href":"https:\/\/api.w.org\/{rel}","templated":true}]}}