{"id":15289,"date":"2023-11-04T01:50:00","date_gmt":"2023-11-04T00:50:00","guid":{"rendered":"http:\/\/innocentiemangonipiante.it\/mahonia-x-media-winter-sun\/"},"modified":"2023-11-06T19:08:17","modified_gmt":"2023-11-06T18:08:17","slug":"mahonia-x-media-winter-sun","status":"publish","type":"product","link":"https:\/\/innocentiemangonipiante.it\/de\/mahonia-x-media-winter-sun\/","title":{"rendered":"MAHONIA x media &#8218;Winter Sun&#8216;"},"content":{"rendered":"<p>Immergr\u00fcner aufrechter Strauch mit gr\u00fcnen gez\u00e4hnten gefiederten Bl\u00e4ttern. Vom Ende Herbst bis Ende Winter lebhaft gelbe Bl\u00fcten.<\/p>\n","protected":false},"excerpt":{"rendered":"<p>Immergr\u00fcner aufrechter Strauch mit gr\u00fcnen gez\u00e4hnten gefiederten Bl\u00e4ttern. Vom Ende Herbst bis Ende Winter lebhaft gelbe Bl\u00fcten.<\/p>\n","protected":false},"featured_media":4013,"template":"","meta":{"_acf_changed":false},"product_brand":[],"product_cat":[8816],"product_tag":[10898],"class_list":{"0":"post-15289","1":"product","2":"type-product","3":"status-publish","4":"has-post-thumbnail","6":"product_cat-hartnaeckige-baeume-und-straeucher","7":"product_tag-naturlichen","8":"pa_altezza-massima-300-de","9":"pa_altezza-massima-500-de","10":"pa_colore-fioritura-gelbe","11":"pa_condizionamento-clt-de","12":"pa_condizionamento-jungplanzen","13":"pa_condizionamento-m-de","14":"pa_famiglia-berberidaceae-de","15":"pa_genere-mahonia-de","16":"pa_inquinamento-bestaendigkeit-gegen-smog","17":"pa_origine-irland","18":"pa_periodo-fioritura-dezember","19":"pa_periodo-fioritura-februar","20":"pa_periodo-fioritura-januar","21":"pa_periodo-fioritura-november-de","22":"pa_portamento-eretto-de","23":"pa_resistenza-climatica-sehr-hoch","24":"pa_salinita-bestaendigkeit-in-meeresluft","25":"pa_utilizzo-hecken","26":"pa_utilizzo-kleine-gaerten","27":"pa_utilizzo-parks-de","29":"first","30":"instock","31":"purchasable","32":"product-type-simple"},"acf":[],"_links":{"self":[{"href":"https:\/\/innocentiemangonipiante.it\/de\/wp-json\/wp\/v2\/product\/15289","targetHints":{"allow":["GET"]}}],"collection":[{"href":"https:\/\/innocentiemangonipiante.it\/de\/wp-json\/wp\/v2\/product"}],"about":[{"href":"https:\/\/innocentiemangonipiante.it\/de\/wp-json\/wp\/v2\/types\/product"}],"wp:featuredmedia":[{"embeddable":true,"href":"https:\/\/innocentiemangonipiante.it\/de\/wp-json\/wp\/v2\/media\/4013"}],"wp:attachment":[{"href":"https:\/\/innocentiemangonipiante.it\/de\/wp-json\/wp\/v2\/media?parent=15289"}],"wp:term":[{"taxonomy":"product_brand","embeddable":true,"href":"https:\/\/innocentiemangonipiante.it\/de\/wp-json\/wp\/v2\/product_brand?post=15289"},{"taxonomy":"product_cat","embeddable":true,"href":"https:\/\/innocentiemangonipiante.it\/de\/wp-json\/wp\/v2\/product_cat?post=15289"},{"taxonomy":"product_tag","embeddable":true,"href":"https:\/\/innocentiemangonipiante.it\/de\/wp-json\/wp\/v2\/product_tag?post=15289"}],"curies":[{"name":"wp","href":"https:\/\/api.w.org\/{rel}","templated":true}]}}