{"id":15290,"date":"2023-11-04T01:49:54","date_gmt":"2023-11-04T00:49:54","guid":{"rendered":"http:\/\/innocentiemangonipiante.it\/mahonia-x-media-charity\/"},"modified":"2023-11-06T19:08:13","modified_gmt":"2023-11-06T18:08:13","slug":"mahonia-x-media-charity","status":"publish","type":"product","link":"https:\/\/innocentiemangonipiante.it\/de\/mahonia-x-media-charity\/","title":{"rendered":"MAHONIA x media &#8218;Charity&#8216;"},"content":{"rendered":"<p>Immergr\u00fcner aufrechter Strauch mit Fiederbl\u00e4ttern, die maximal 21 gr\u00fcne eif\u00f6rmige bis lanzettartige gez\u00e4hnte Bl\u00e4ttchen haben.Von Ende Herbst bis Ende Winter bl\u00fchen zitronengelbe Bl\u00fcten.<\/p>\n","protected":false},"excerpt":{"rendered":"<p>Immergr\u00fcner aufrechter Strauch mit Fiederbl\u00e4ttern, die maximal 21 gr\u00fcne eif\u00f6rmige bis lanzettartige gez\u00e4hnte Bl\u00e4ttchen haben.Von Ende Herbst bis Ende Winter bl\u00fchen zitronengelbe Bl\u00fcten.<\/p>\n","protected":false},"featured_media":4007,"template":"","meta":{"_acf_changed":false},"product_brand":[],"product_cat":[8816],"product_tag":[10898],"class_list":{"0":"post-15290","1":"product","2":"type-product","3":"status-publish","4":"has-post-thumbnail","6":"product_cat-hartnaeckige-baeume-und-straeucher","7":"product_tag-naturlichen","8":"pa_altezza-massima-300-de","9":"pa_altezza-massima-500-de","10":"pa_colore-fioritura-gelbe","11":"pa_condizionamento-clt-de","12":"pa_condizionamento-jungplanzen","13":"pa_condizionamento-m-de","14":"pa_famiglia-berberidaceae-de","15":"pa_genere-mahonia-de","16":"pa_inquinamento-bestaendigkeit-gegen-smog","17":"pa_origine-england-de","18":"pa_periodo-fioritura-dezember","19":"pa_periodo-fioritura-februar","20":"pa_periodo-fioritura-januar","21":"pa_periodo-fioritura-november-de","22":"pa_portamento-eretto-de","23":"pa_resistenza-climatica-sehr-hoch","24":"pa_salinita-bestaendigkeit-in-meeresluft","25":"pa_utilizzo-hecken","26":"pa_utilizzo-kleine-gaerten","27":"pa_utilizzo-parks-de","29":"first","30":"instock","31":"purchasable","32":"product-type-simple"},"acf":[],"_links":{"self":[{"href":"https:\/\/innocentiemangonipiante.it\/de\/wp-json\/wp\/v2\/product\/15290","targetHints":{"allow":["GET"]}}],"collection":[{"href":"https:\/\/innocentiemangonipiante.it\/de\/wp-json\/wp\/v2\/product"}],"about":[{"href":"https:\/\/innocentiemangonipiante.it\/de\/wp-json\/wp\/v2\/types\/product"}],"wp:featuredmedia":[{"embeddable":true,"href":"https:\/\/innocentiemangonipiante.it\/de\/wp-json\/wp\/v2\/media\/4007"}],"wp:attachment":[{"href":"https:\/\/innocentiemangonipiante.it\/de\/wp-json\/wp\/v2\/media?parent=15290"}],"wp:term":[{"taxonomy":"product_brand","embeddable":true,"href":"https:\/\/innocentiemangonipiante.it\/de\/wp-json\/wp\/v2\/product_brand?post=15290"},{"taxonomy":"product_cat","embeddable":true,"href":"https:\/\/innocentiemangonipiante.it\/de\/wp-json\/wp\/v2\/product_cat?post=15290"},{"taxonomy":"product_tag","embeddable":true,"href":"https:\/\/innocentiemangonipiante.it\/de\/wp-json\/wp\/v2\/product_tag?post=15290"}],"curies":[{"name":"wp","href":"https:\/\/api.w.org\/{rel}","templated":true}]}}