{"id":15293,"date":"2023-11-04T01:49:21","date_gmt":"2023-11-04T00:49:21","guid":{"rendered":"http:\/\/innocentiemangonipiante.it\/mahonia-aquifolium\/"},"modified":"2023-11-06T19:07:59","modified_gmt":"2023-11-06T18:07:59","slug":"mahonia-aquifolium","status":"publish","type":"product","link":"https:\/\/innocentiemangonipiante.it\/de\/mahonia-aquifolium\/","title":{"rendered":"MAHONIA aquifolium"},"content":{"rendered":"<p>Immergr\u00fcner Strauch mit Fiederbl\u00e4ttern, die maximal 9 eif\u00f6rmige Bl\u00e4ttchen mit dornigen Z\u00e4hnen haben sie sind gr\u00fcn und werden im Winter purpurrot. Im Fr\u00fchjahr gelbe Bl\u00fcten, die zu runden schwarz-blauen Beeren f\u00fchren.<\/p>\n","protected":false},"excerpt":{"rendered":"<p>Immergr\u00fcner Strauch mit Fiederbl\u00e4ttern, die maximal 9 eif\u00f6rmige Bl\u00e4ttchen mit dornigen Z\u00e4hnen haben sie sind gr\u00fcn und werden im Winter purpurrot. Im Fr\u00fchjahr gelbe Bl\u00fcten, die zu runden schwarz-blauen Beeren f\u00fchren.<\/p>\n","protected":false},"featured_media":3989,"template":"","meta":{"_acf_changed":false},"product_brand":[],"product_cat":[8816],"product_tag":[10898],"class_list":{"0":"post-15293","1":"product","2":"type-product","3":"status-publish","4":"has-post-thumbnail","6":"product_cat-hartnaeckige-baeume-und-straeucher","7":"product_tag-naturlichen","8":"pa_altezza-massima-100-de","9":"pa_altezza-massima-150-de","10":"pa_colore-fioritura-gelbe","11":"pa_condizionamento-clt-de","12":"pa_condizionamento-m-de","13":"pa_famiglia-berberidaceae-de","14":"pa_genere-mahonia-de","15":"pa_inquinamento-bestaendigkeit-gegen-smog","16":"pa_origine-u-s-a","17":"pa_periodo-fioritura-maerz","18":"pa_periodo-fruttificazione-april-de","19":"pa_portamento-cespuglioso-de","20":"pa_resistenza-climatica-sehr-hoch","21":"pa_resistenza-del-suolo-bestandig-gegen-kalkhaltige-boden","22":"pa_salinita-bestaendigkeit-in-meeresluft","23":"pa_utilizzo-balkone","24":"pa_utilizzo-hecken","25":"pa_utilizzo-kleine-gaerten","26":"pa_utilizzo-parks-de","28":"first","29":"instock","30":"purchasable","31":"product-type-simple"},"acf":[],"_links":{"self":[{"href":"https:\/\/innocentiemangonipiante.it\/de\/wp-json\/wp\/v2\/product\/15293","targetHints":{"allow":["GET"]}}],"collection":[{"href":"https:\/\/innocentiemangonipiante.it\/de\/wp-json\/wp\/v2\/product"}],"about":[{"href":"https:\/\/innocentiemangonipiante.it\/de\/wp-json\/wp\/v2\/types\/product"}],"wp:featuredmedia":[{"embeddable":true,"href":"https:\/\/innocentiemangonipiante.it\/de\/wp-json\/wp\/v2\/media\/3989"}],"wp:attachment":[{"href":"https:\/\/innocentiemangonipiante.it\/de\/wp-json\/wp\/v2\/media?parent=15293"}],"wp:term":[{"taxonomy":"product_brand","embeddable":true,"href":"https:\/\/innocentiemangonipiante.it\/de\/wp-json\/wp\/v2\/product_brand?post=15293"},{"taxonomy":"product_cat","embeddable":true,"href":"https:\/\/innocentiemangonipiante.it\/de\/wp-json\/wp\/v2\/product_cat?post=15293"},{"taxonomy":"product_tag","embeddable":true,"href":"https:\/\/innocentiemangonipiante.it\/de\/wp-json\/wp\/v2\/product_tag?post=15293"}],"curies":[{"name":"wp","href":"https:\/\/api.w.org\/{rel}","templated":true}]}}