{"id":15294,"date":"2023-11-04T01:50:56","date_gmt":"2023-11-04T00:50:56","guid":{"rendered":"http:\/\/innocentiemangonipiante.it\/malus-tschonoskii\/"},"modified":"2023-11-06T19:09:07","modified_gmt":"2023-11-06T18:09:07","slug":"malus-tschonoskii","status":"publish","type":"product","link":"https:\/\/innocentiemangonipiante.it\/de\/malus-tschonoskii\/","title":{"rendered":"MALUS tschonoskii"},"content":{"rendered":"<p>Kleinbaum, Schmal, kegelf\u00f6rmig Wuchs, mit der Alter wird eif\u00f6rmig. Elliptische Bl\u00e4tter bis eif\u00f6rmig, austrieb wei\u00df, dann dunkelgr\u00fcn, Unterseite behaart. Herbstf\u00e4rbung orange bis purpurrot. Wei\u00dfe Bl\u00fcte. Gelbgr\u00fcne Fr\u00fcchte, Sonnenseite rot.<\/p>\n","protected":false},"excerpt":{"rendered":"<p>Kleinbaum, Schmal, kegelf\u00f6rmig Wuchs, mit der Alter wird eif\u00f6rmig. Elliptische Bl\u00e4tter bis eif\u00f6rmig, austrieb wei\u00df, dann dunkelgr\u00fcn, Unterseite behaart. Herbstf\u00e4rbung orange bis purpurrot. Wei\u00dfe Bl\u00fcte. Gelbgr\u00fcne Fr\u00fcchte, Sonnenseite rot.<\/p>\n","protected":false},"featured_media":4037,"template":"","meta":{"_acf_changed":false},"product_brand":[],"product_cat":[8813],"product_tag":[10898,8401],"class_list":{"0":"post-15294","1":"product","2":"type-product","3":"status-publish","4":"has-post-thumbnail","6":"product_cat-laubbaume-und-straucher","7":"product_tag-naturlichen","8":"product_tag-hochstamm","9":"pa_altezza-massima-800-de","10":"pa_altezza-massima-1000-de-2","11":"pa_colore-fioritura-weis","12":"pa_condizionamento-clt-de","13":"pa_condizionamento-m-de","14":"pa_famiglia-rosaceae-de","15":"pa_genere-malus-de","16":"pa_origine-japan-de","17":"pa_periodo-fioritura-april-de","18":"pa_periodo-fruttificazione-oktober","19":"pa_periodo-fruttificazione-september-de","20":"pa_portamento-piramidale-de","21":"pa_resistenza-climatica-sehr-hoch","22":"pa_resistenza-del-suolo-bestandig-gegen-kalkhaltige-boden","23":"pa_resistenza-del-suolo-bestandigkeit-auf-feuchten-boden","24":"pa_utilizzo-kleine-gaerten","25":"pa_utilizzo-parks-de","27":"first","28":"instock","29":"purchasable","30":"product-type-simple"},"acf":[],"_links":{"self":[{"href":"https:\/\/innocentiemangonipiante.it\/de\/wp-json\/wp\/v2\/product\/15294","targetHints":{"allow":["GET"]}}],"collection":[{"href":"https:\/\/innocentiemangonipiante.it\/de\/wp-json\/wp\/v2\/product"}],"about":[{"href":"https:\/\/innocentiemangonipiante.it\/de\/wp-json\/wp\/v2\/types\/product"}],"wp:featuredmedia":[{"embeddable":true,"href":"https:\/\/innocentiemangonipiante.it\/de\/wp-json\/wp\/v2\/media\/4037"}],"wp:attachment":[{"href":"https:\/\/innocentiemangonipiante.it\/de\/wp-json\/wp\/v2\/media?parent=15294"}],"wp:term":[{"taxonomy":"product_brand","embeddable":true,"href":"https:\/\/innocentiemangonipiante.it\/de\/wp-json\/wp\/v2\/product_brand?post=15294"},{"taxonomy":"product_cat","embeddable":true,"href":"https:\/\/innocentiemangonipiante.it\/de\/wp-json\/wp\/v2\/product_cat?post=15294"},{"taxonomy":"product_tag","embeddable":true,"href":"https:\/\/innocentiemangonipiante.it\/de\/wp-json\/wp\/v2\/product_tag?post=15294"}],"curies":[{"name":"wp","href":"https:\/\/api.w.org\/{rel}","templated":true}]}}